{"id":4381,"date":"2023-07-02T19:00:22","date_gmt":"2023-07-02T17:00:22","guid":{"rendered":"https:\/\/france-empires.com\/?post_type=product&#038;p=4381"},"modified":"2023-11-12T23:37:10","modified_gmt":"2023-11-12T22:37:10","slug":"pantalon-dofficier-dartillerie-second-empire","status":"publish","type":"product","link":"https:\/\/france-empires.com\/index.php\/produit\/pantalon-dofficier-dartillerie-second-empire\/","title":{"rendered":"Pantalon d&rsquo;officier d&rsquo;Artillerie Second Empire"},"content":{"rendered":"<p>Pantalon en drap fin noir bandes rouges.<\/p>\n<p>Forme bouffante typique des productions du milieu 19e jusqu&rsquo;\u00e0 la fin du Second Empire<\/p>\n<p>Boutons de maitre tailleur du 9e R\u00e9giment d&rsquo;Artillerie.<\/p>\n<p>Sous-pieds en cuir.<\/p>\n<p>Quelques petits trous de mites<\/p>\n<p>Bonne taille mannequin, tr\u00e8s belle pi\u00e8ce difficile a trouver !<\/p>\n","protected":false},"excerpt":{"rendered":"<p>Pantalon en drap fin noir bandes rouges. Forme bouffante typique des productions du milieu 19e jusqu&rsquo;\u00e0 la fin du Second Empire Boutons de maitre tailleur du 9e R\u00e9giment d&rsquo;Artillerie. Sous-pieds en cuir. Quelques petits trous de mites Bonne taille mannequin, tr\u00e8s belle pi\u00e8ce difficile a trouver !<\/p>\n","protected":false},"featured_media":4382,"template":"","meta":[],"product_brand":[],"product_cat":[47,24],"product_tag":[],"class_list":{"0":"post-4381","1":"product","2":"type-product","3":"status-publish","4":"has-post-thumbnail","6":"product_cat-uniformes-complets-et-elements-seuls","7":"product_cat-uniformes-et-coiffures","8":"pa_statut-vendu","10":"first","11":"outofstock","12":"product-type-simple"},"_links":{"self":[{"href":"https:\/\/france-empires.com\/index.php\/wp-json\/wp\/v2\/product\/4381","targetHints":{"allow":["GET"]}}],"collection":[{"href":"https:\/\/france-empires.com\/index.php\/wp-json\/wp\/v2\/product"}],"about":[{"href":"https:\/\/france-empires.com\/index.php\/wp-json\/wp\/v2\/types\/product"}],"wp:featuredmedia":[{"embeddable":true,"href":"https:\/\/france-empires.com\/index.php\/wp-json\/wp\/v2\/media\/4382"}],"wp:attachment":[{"href":"https:\/\/france-empires.com\/index.php\/wp-json\/wp\/v2\/media?parent=4381"}],"wp:term":[{"taxonomy":"product_brand","embeddable":true,"href":"https:\/\/france-empires.com\/index.php\/wp-json\/wp\/v2\/product_brand?post=4381"},{"taxonomy":"product_cat","embeddable":true,"href":"https:\/\/france-empires.com\/index.php\/wp-json\/wp\/v2\/product_cat?post=4381"},{"taxonomy":"product_tag","embeddable":true,"href":"https:\/\/france-empires.com\/index.php\/wp-json\/wp\/v2\/product_tag?post=4381"}],"curies":[{"name":"wp","href":"https:\/\/api.w.org\/{rel}","templated":true}]}}