{"id":4390,"date":"2023-07-02T19:00:02","date_gmt":"2023-07-02T17:00:02","guid":{"rendered":"https:\/\/france-empires.com\/?post_type=product&#038;p=4390"},"modified":"2023-12-23T11:59:37","modified_gmt":"2023-12-23T10:59:37","slug":"baio-mauser-98k-horster-1939","status":"publish","type":"product","link":"https:\/\/france-empires.com\/index.php\/produit\/baio-mauser-98k-horster-1939\/","title":{"rendered":"Baio Mauser 98K H\u00f6rster 1939"},"content":{"rendered":"<p>Ba\u00efonnette fabriqu\u00e9e par la firme H\u00f6rster<\/p>\n<p class=\"LC20lb MBeuO xvfwl\">L&rsquo;ensemble est en bon \u00e9tat, bouton poussoir fonctionnel.<br \/>\nPlaquettes bak\u00e9lites.<br \/>\nLame avec son bronzage d&rsquo;origine encore bien pr\u00e9sent.<\/p>\n","protected":false},"excerpt":{"rendered":"<p>Ba\u00efonnette fabriqu\u00e9e par la firme H\u00f6rster L&rsquo;ensemble est en bon \u00e9tat, bouton poussoir fonctionnel. Plaquettes bak\u00e9lites. Lame avec son bronzage d&rsquo;origine encore bien pr\u00e9sent.<\/p>\n","protected":false},"featured_media":4396,"template":"","meta":[],"product_brand":[],"product_cat":[76,84],"product_tag":[],"class_list":{"0":"post-4390","1":"product","2":"type-product","3":"status-publish","4":"has-post-thumbnail","6":"product_cat-armes-anciennes","7":"product_cat-baionnettes","8":"pa_statut-vendu","10":"first","11":"outofstock","12":"product-type-simple"},"_links":{"self":[{"href":"https:\/\/france-empires.com\/index.php\/wp-json\/wp\/v2\/product\/4390","targetHints":{"allow":["GET"]}}],"collection":[{"href":"https:\/\/france-empires.com\/index.php\/wp-json\/wp\/v2\/product"}],"about":[{"href":"https:\/\/france-empires.com\/index.php\/wp-json\/wp\/v2\/types\/product"}],"wp:featuredmedia":[{"embeddable":true,"href":"https:\/\/france-empires.com\/index.php\/wp-json\/wp\/v2\/media\/4396"}],"wp:attachment":[{"href":"https:\/\/france-empires.com\/index.php\/wp-json\/wp\/v2\/media?parent=4390"}],"wp:term":[{"taxonomy":"product_brand","embeddable":true,"href":"https:\/\/france-empires.com\/index.php\/wp-json\/wp\/v2\/product_brand?post=4390"},{"taxonomy":"product_cat","embeddable":true,"href":"https:\/\/france-empires.com\/index.php\/wp-json\/wp\/v2\/product_cat?post=4390"},{"taxonomy":"product_tag","embeddable":true,"href":"https:\/\/france-empires.com\/index.php\/wp-json\/wp\/v2\/product_tag?post=4390"}],"curies":[{"name":"wp","href":"https:\/\/api.w.org\/{rel}","templated":true}]}}