{"id":4415,"date":"2023-07-02T19:00:43","date_gmt":"2023-07-02T17:00:43","guid":{"rendered":"https:\/\/france-empires.com\/?post_type=product&#038;p=4415"},"modified":"2023-07-27T20:05:26","modified_gmt":"2023-07-27T18:05:26","slug":"casquette-paquebot-liberte-compagnie-generale-transatlantique","status":"publish","type":"product","link":"https:\/\/france-empires.com\/index.php\/produit\/casquette-paquebot-liberte-compagnie-generale-transatlantique\/","title":{"rendered":"Casquette paquebot LIBERTE, Compagnie G\u00e9n\u00e9rale Transatlantique"},"content":{"rendered":"<p>Casquette en drap gris et cuir.<\/p>\n<p>Belle fabrication ancienne, probablement juste apr\u00e8s guerre.<\/p>\n<p>Bande du paquebot LIBERTE et drapeaux Fran\u00e7ais et de la Compagnie G\u00e9n\u00e9rale Transatlantique.<\/p>\n<p>Beau t\u00e9moignage ! TBE<\/p>\n","protected":false},"excerpt":{"rendered":"<p>Casquette en drap gris et cuir. Belle fabrication ancienne, probablement juste apr\u00e8s guerre. Bande du paquebot LIBERTE et drapeaux Fran\u00e7ais et de la Compagnie G\u00e9n\u00e9rale Transatlantique. Beau t\u00e9moignage ! TBE<\/p>\n","protected":false},"featured_media":4416,"template":"","meta":[],"product_brand":[],"product_cat":[28,45,24],"product_tag":[],"class_list":{"0":"post-4415","1":"product","2":"type-product","3":"status-publish","4":"has-post-thumbnail","6":"product_cat-antiquites-et-autres-collections","7":"product_cat-coiffures-casques-kepis-shakos-etc","8":"product_cat-uniformes-et-coiffures","9":"pa_statut-vendu","11":"first","12":"outofstock","13":"product-type-simple"},"_links":{"self":[{"href":"https:\/\/france-empires.com\/index.php\/wp-json\/wp\/v2\/product\/4415","targetHints":{"allow":["GET"]}}],"collection":[{"href":"https:\/\/france-empires.com\/index.php\/wp-json\/wp\/v2\/product"}],"about":[{"href":"https:\/\/france-empires.com\/index.php\/wp-json\/wp\/v2\/types\/product"}],"wp:featuredmedia":[{"embeddable":true,"href":"https:\/\/france-empires.com\/index.php\/wp-json\/wp\/v2\/media\/4416"}],"wp:attachment":[{"href":"https:\/\/france-empires.com\/index.php\/wp-json\/wp\/v2\/media?parent=4415"}],"wp:term":[{"taxonomy":"product_brand","embeddable":true,"href":"https:\/\/france-empires.com\/index.php\/wp-json\/wp\/v2\/product_brand?post=4415"},{"taxonomy":"product_cat","embeddable":true,"href":"https:\/\/france-empires.com\/index.php\/wp-json\/wp\/v2\/product_cat?post=4415"},{"taxonomy":"product_tag","embeddable":true,"href":"https:\/\/france-empires.com\/index.php\/wp-json\/wp\/v2\/product_tag?post=4415"}],"curies":[{"name":"wp","href":"https:\/\/api.w.org\/{rel}","templated":true}]}}