{"id":4422,"date":"2023-07-02T19:00:44","date_gmt":"2023-07-02T17:00:44","guid":{"rendered":"https:\/\/france-empires.com\/?post_type=product&#038;p=4422"},"modified":"2023-06-27T18:21:44","modified_gmt":"2023-06-27T16:21:44","slug":"dessin-encre-de-chine-rehausse-de-blanc-dun-consul-sous-la-monarchie-de-juillet","status":"publish","type":"product","link":"https:\/\/france-empires.com\/index.php\/produit\/dessin-encre-de-chine-rehausse-de-blanc-dun-consul-sous-la-monarchie-de-juillet\/","title":{"rendered":"Dessin encre de chine, rehauss\u00e9 de blanc, d&rsquo;un Consul sous la Monarchie de Juillet"},"content":{"rendered":"<p>Dessin de grande finesse et bien contrast\u00e9.<\/p>\n<p>Repr\u00e9sente un consul, avec ses diff\u00e9rentes affectations (Tunis, Alep, Belgrade&#8230;)<\/p>\n<p>Ainsi que la liste de ses d\u00e9corations.<\/p>\n<p>R\u00e9sum\u00e9 de sa carri\u00e8re au dos, malheureusement illisible pour certains informations, dont son nom.<\/p>\n<p>Environ 25&#215;40 cm<\/p>\n","protected":false},"excerpt":{"rendered":"<p>Dessin de grande finesse et bien contrast\u00e9. Repr\u00e9sente un consul, avec ses diff\u00e9rentes affectations (Tunis, Alep, Belgrade&#8230;) Ainsi que la liste de ses d\u00e9corations. R\u00e9sum\u00e9 de sa carri\u00e8re au dos, malheureusement illisible pour certains informations, dont son nom. Environ 25&#215;40 cm<\/p>\n","protected":false},"featured_media":4424,"template":"","meta":[],"product_brand":[],"product_cat":[28,26],"product_tag":[],"class_list":{"0":"post-4422","1":"product","2":"type-product","3":"status-publish","4":"has-post-thumbnail","6":"product_cat-antiquites-et-autres-collections","7":"product_cat-librairie-documents-et-photos","8":"pa_statut-disponible","10":"first","11":"instock","12":"purchasable","13":"product-type-simple"},"_links":{"self":[{"href":"https:\/\/france-empires.com\/index.php\/wp-json\/wp\/v2\/product\/4422","targetHints":{"allow":["GET"]}}],"collection":[{"href":"https:\/\/france-empires.com\/index.php\/wp-json\/wp\/v2\/product"}],"about":[{"href":"https:\/\/france-empires.com\/index.php\/wp-json\/wp\/v2\/types\/product"}],"wp:featuredmedia":[{"embeddable":true,"href":"https:\/\/france-empires.com\/index.php\/wp-json\/wp\/v2\/media\/4424"}],"wp:attachment":[{"href":"https:\/\/france-empires.com\/index.php\/wp-json\/wp\/v2\/media?parent=4422"}],"wp:term":[{"taxonomy":"product_brand","embeddable":true,"href":"https:\/\/france-empires.com\/index.php\/wp-json\/wp\/v2\/product_brand?post=4422"},{"taxonomy":"product_cat","embeddable":true,"href":"https:\/\/france-empires.com\/index.php\/wp-json\/wp\/v2\/product_cat?post=4422"},{"taxonomy":"product_tag","embeddable":true,"href":"https:\/\/france-empires.com\/index.php\/wp-json\/wp\/v2\/product_tag?post=4422"}],"curies":[{"name":"wp","href":"https:\/\/api.w.org\/{rel}","templated":true}]}}