{"id":4474,"date":"2023-07-09T19:00:42","date_gmt":"2023-07-09T17:00:42","guid":{"rendered":"https:\/\/france-empires.com\/?post_type=product&#038;p=4474"},"modified":"2023-07-27T20:05:46","modified_gmt":"2023-07-27T18:05:46","slug":"turquie-ordre-du-medjidie","status":"publish","type":"product","link":"https:\/\/france-empires.com\/index.php\/produit\/turquie-ordre-du-medjidie\/","title":{"rendered":"Turquie &#8211; Ordre du Medjidi\u00e9"},"content":{"rendered":"<p>Ordre du Medjidi\u00e9,<\/p>\n<p>en argent \u00e0 d\u00e9cor de pointes de diamant, centre en or et \u00e9mail, croissant de suspension, avec application d&rsquo;or \u00e9maill\u00e9, anneau fixe,<\/p>\n<p>Tr\u00e8s \u00e9l\u00e9gante fabrication\u00a0 TTB \u00e0 SUP&#8230;<\/p>\n","protected":false},"excerpt":{"rendered":"<p>Ordre du Medjidi\u00e9, en argent \u00e0 d\u00e9cor de pointes de diamant, centre en or et \u00e9mail, croissant de suspension, avec application d&rsquo;or \u00e9maill\u00e9, anneau fixe, Tr\u00e8s \u00e9l\u00e9gante fabrication\u00a0 TTB \u00e0 SUP&#8230;<\/p>\n","protected":false},"featured_media":4467,"template":"","meta":[],"product_brand":[],"product_cat":[41,23,42],"product_tag":[],"class_list":{"0":"post-4474","1":"product","2":"type-product","3":"status-publish","4":"has-post-thumbnail","6":"product_cat-civiles","7":"product_cat-medailles-et-decorations","8":"product_cat-militaires","9":"pa_statut-disponible","11":"first","12":"outofstock","13":"product-type-simple"},"_links":{"self":[{"href":"https:\/\/france-empires.com\/index.php\/wp-json\/wp\/v2\/product\/4474","targetHints":{"allow":["GET"]}}],"collection":[{"href":"https:\/\/france-empires.com\/index.php\/wp-json\/wp\/v2\/product"}],"about":[{"href":"https:\/\/france-empires.com\/index.php\/wp-json\/wp\/v2\/types\/product"}],"wp:featuredmedia":[{"embeddable":true,"href":"https:\/\/france-empires.com\/index.php\/wp-json\/wp\/v2\/media\/4467"}],"wp:attachment":[{"href":"https:\/\/france-empires.com\/index.php\/wp-json\/wp\/v2\/media?parent=4474"}],"wp:term":[{"taxonomy":"product_brand","embeddable":true,"href":"https:\/\/france-empires.com\/index.php\/wp-json\/wp\/v2\/product_brand?post=4474"},{"taxonomy":"product_cat","embeddable":true,"href":"https:\/\/france-empires.com\/index.php\/wp-json\/wp\/v2\/product_cat?post=4474"},{"taxonomy":"product_tag","embeddable":true,"href":"https:\/\/france-empires.com\/index.php\/wp-json\/wp\/v2\/product_tag?post=4474"}],"curies":[{"name":"wp","href":"https:\/\/api.w.org\/{rel}","templated":true}]}}