{"id":4501,"date":"2023-10-12T22:29:36","date_gmt":"2023-10-12T20:29:36","guid":{"rendered":"https:\/\/france-empires.com\/?post_type=product&#038;p=4501"},"modified":"2024-02-19T22:21:05","modified_gmt":"2024-02-19T21:21:05","slug":"shako-troupe-modele-1872-de-chasseur-a-pied","status":"publish","type":"product","link":"https:\/\/france-empires.com\/index.php\/produit\/shako-troupe-modele-1872-de-chasseur-a-pied\/","title":{"rendered":"Shako Troupe Mod\u00e8le 1872 De Chasseur \u00e0 Pied"},"content":{"rendered":"<p>Shako Troupe Mod\u00e8le 1872 De Chasseur \u00e0 Pied<br \/>\nQuelques attaques de mites et usures, visibles sur les photos.<br \/>\nReste d&rsquo;\u00e9tiquette au fond du fut.<\/p>\n","protected":false},"excerpt":{"rendered":"<p>Shako Troupe Mod\u00e8le 1872 De Chasseur \u00e0 Pied Quelques attaques de mites et usures, visibles sur les photos. Reste d&rsquo;\u00e9tiquette au fond du fut.<\/p>\n","protected":false},"featured_media":4508,"template":"","meta":[],"product_brand":[],"product_cat":[45,24],"product_tag":[],"class_list":{"0":"post-4501","1":"product","2":"type-product","3":"status-publish","4":"has-post-thumbnail","6":"product_cat-coiffures-casques-kepis-shakos-etc","7":"product_cat-uniformes-et-coiffures","8":"pa_statut-disponible","10":"first","11":"outofstock","12":"purchasable","13":"product-type-simple"},"_links":{"self":[{"href":"https:\/\/france-empires.com\/index.php\/wp-json\/wp\/v2\/product\/4501","targetHints":{"allow":["GET"]}}],"collection":[{"href":"https:\/\/france-empires.com\/index.php\/wp-json\/wp\/v2\/product"}],"about":[{"href":"https:\/\/france-empires.com\/index.php\/wp-json\/wp\/v2\/types\/product"}],"wp:featuredmedia":[{"embeddable":true,"href":"https:\/\/france-empires.com\/index.php\/wp-json\/wp\/v2\/media\/4508"}],"wp:attachment":[{"href":"https:\/\/france-empires.com\/index.php\/wp-json\/wp\/v2\/media?parent=4501"}],"wp:term":[{"taxonomy":"product_brand","embeddable":true,"href":"https:\/\/france-empires.com\/index.php\/wp-json\/wp\/v2\/product_brand?post=4501"},{"taxonomy":"product_cat","embeddable":true,"href":"https:\/\/france-empires.com\/index.php\/wp-json\/wp\/v2\/product_cat?post=4501"},{"taxonomy":"product_tag","embeddable":true,"href":"https:\/\/france-empires.com\/index.php\/wp-json\/wp\/v2\/product_tag?post=4501"}],"curies":[{"name":"wp","href":"https:\/\/api.w.org\/{rel}","templated":true}]}}