{"id":4527,"date":"2023-10-12T22:54:01","date_gmt":"2023-10-12T20:54:01","guid":{"rendered":"https:\/\/france-empires.com\/?post_type=product&#038;p=4527"},"modified":"2023-10-12T22:54:01","modified_gmt":"2023-10-12T20:54:01","slug":"portrait-miniature-hussard","status":"publish","type":"product","link":"https:\/\/france-empires.com\/index.php\/produit\/portrait-miniature-hussard\/","title":{"rendered":"Portrait miniature hussard"},"content":{"rendered":"<p>Miniature d&rsquo;un cavalier du \u00ab\u00a0Bercheny\u00a0\u00bb ou 1er r\u00e9giment de Hussards<br \/>\nTr\u00e8s belle miniature aux couleurs bien fraiches, un peu na\u00efve, d&rsquo;un r\u00e9giment mythique (aujourd&rsquo;hui 1er RHP)<br \/>\nJoli cadre en bois noirci et laiton<br \/>\nBien repr\u00e9sent\u00e9 avec dolman, shako, giberne et on aper\u00e7oit m\u00eame la pelisse en sautoir<br \/>\nVers 1850-60<br \/>\nDimensions de la miniature 9 x 6,5 cm (hors cadre)<\/p>\n","protected":false},"excerpt":{"rendered":"<p>Miniature d&rsquo;un cavalier du \u00ab\u00a0Bercheny\u00a0\u00bb ou 1er r\u00e9giment de Hussards Tr\u00e8s belle miniature aux couleurs bien fraiches, un peu na\u00efve, d&rsquo;un r\u00e9giment mythique (aujourd&rsquo;hui 1er RHP) Joli cadre en bois noirci et laiton Bien repr\u00e9sent\u00e9 avec dolman, shako, giberne et on aper\u00e7oit m\u00eame la pelisse en sautoir Vers 1850-60 Dimensions de&hellip;<\/p>\n","protected":false},"featured_media":4530,"template":"","meta":[],"product_brand":[],"product_cat":[28,26],"product_tag":[],"class_list":{"0":"post-4527","1":"product","2":"type-product","3":"status-publish","4":"has-post-thumbnail","6":"product_cat-antiquites-et-autres-collections","7":"product_cat-librairie-documents-et-photos","8":"pa_statut-disponible","10":"first","11":"instock","12":"purchasable","13":"product-type-simple"},"_links":{"self":[{"href":"https:\/\/france-empires.com\/index.php\/wp-json\/wp\/v2\/product\/4527","targetHints":{"allow":["GET"]}}],"collection":[{"href":"https:\/\/france-empires.com\/index.php\/wp-json\/wp\/v2\/product"}],"about":[{"href":"https:\/\/france-empires.com\/index.php\/wp-json\/wp\/v2\/types\/product"}],"wp:featuredmedia":[{"embeddable":true,"href":"https:\/\/france-empires.com\/index.php\/wp-json\/wp\/v2\/media\/4530"}],"wp:attachment":[{"href":"https:\/\/france-empires.com\/index.php\/wp-json\/wp\/v2\/media?parent=4527"}],"wp:term":[{"taxonomy":"product_brand","embeddable":true,"href":"https:\/\/france-empires.com\/index.php\/wp-json\/wp\/v2\/product_brand?post=4527"},{"taxonomy":"product_cat","embeddable":true,"href":"https:\/\/france-empires.com\/index.php\/wp-json\/wp\/v2\/product_cat?post=4527"},{"taxonomy":"product_tag","embeddable":true,"href":"https:\/\/france-empires.com\/index.php\/wp-json\/wp\/v2\/product_tag?post=4527"}],"curies":[{"name":"wp","href":"https:\/\/api.w.org\/{rel}","templated":true}]}}