{"id":4532,"date":"2023-10-25T20:00:01","date_gmt":"2023-10-25T18:00:01","guid":{"rendered":"https:\/\/france-empires.com\/?post_type=product&#038;p=4532"},"modified":"2023-10-25T20:00:02","modified_gmt":"2023-10-25T18:00:02","slug":"necessaire-de-voyage","status":"publish","type":"product","link":"https:\/\/france-empires.com\/index.php\/produit\/necessaire-de-voyage\/","title":{"rendered":"Necessaire de voyage"},"content":{"rendered":"<p>N\u00e9cessaire de voyage<br \/>\nEtui galuchat et laiton comprenant : 1 couteau, deux paires de baguettes, deux fourchettes, une cuill\u00e8re et une lime-pince \u00e0 \u00e9piler.<br \/>\nL : 33 cm (1 baguette cass\u00e9e)<\/p>\n<p>Epoque probable fin 18e \/ d\u00e9but 19e, bel objet de vitrine !<\/p>\n","protected":false},"excerpt":{"rendered":"<p>N\u00e9cessaire de voyage Etui galuchat et laiton comprenant : 1 couteau, deux paires de baguettes, deux fourchettes, une cuill\u00e8re et une lime-pince \u00e0 \u00e9piler. L : 33 cm (1 baguette cass\u00e9e) Epoque probable fin 18e \/ d\u00e9but 19e, bel objet de vitrine !<\/p>\n","protected":false},"featured_media":4535,"template":"","meta":[],"product_brand":[],"product_cat":[28,25,52],"product_tag":[],"class_list":{"0":"post-4532","1":"product","2":"type-product","3":"status-publish","4":"has-post-thumbnail","6":"product_cat-antiquites-et-autres-collections","7":"product_cat-equipements","8":"product_cat-petit-equipement-tabac-toilette-etc","9":"pa_statut-disponible","11":"first","12":"instock","13":"purchasable","14":"product-type-simple"},"_links":{"self":[{"href":"https:\/\/france-empires.com\/index.php\/wp-json\/wp\/v2\/product\/4532","targetHints":{"allow":["GET"]}}],"collection":[{"href":"https:\/\/france-empires.com\/index.php\/wp-json\/wp\/v2\/product"}],"about":[{"href":"https:\/\/france-empires.com\/index.php\/wp-json\/wp\/v2\/types\/product"}],"wp:featuredmedia":[{"embeddable":true,"href":"https:\/\/france-empires.com\/index.php\/wp-json\/wp\/v2\/media\/4535"}],"wp:attachment":[{"href":"https:\/\/france-empires.com\/index.php\/wp-json\/wp\/v2\/media?parent=4532"}],"wp:term":[{"taxonomy":"product_brand","embeddable":true,"href":"https:\/\/france-empires.com\/index.php\/wp-json\/wp\/v2\/product_brand?post=4532"},{"taxonomy":"product_cat","embeddable":true,"href":"https:\/\/france-empires.com\/index.php\/wp-json\/wp\/v2\/product_cat?post=4532"},{"taxonomy":"product_tag","embeddable":true,"href":"https:\/\/france-empires.com\/index.php\/wp-json\/wp\/v2\/product_tag?post=4532"}],"curies":[{"name":"wp","href":"https:\/\/api.w.org\/{rel}","templated":true}]}}