{"id":4627,"date":"2023-11-12T22:32:50","date_gmt":"2023-11-12T21:32:50","guid":{"rendered":"https:\/\/france-empires.com\/?post_type=product&#038;p=4627"},"modified":"2023-11-12T22:32:50","modified_gmt":"2023-11-12T21:32:50","slug":"hausse-col-de-la-garde-nationale-modele-1852-presidence","status":"publish","type":"product","link":"https:\/\/france-empires.com\/index.php\/produit\/hausse-col-de-la-garde-nationale-modele-1852-presidence\/","title":{"rendered":"HAUSSE-COL DE LA GARDE NATIONALE, MOD\u00c8LE 1852, PR\u00c9SIDENCE"},"content":{"rendered":"<p>Plateau en laiton avec un motif en laiton dor\u00e9 repr\u00e9sentant une aigle non couronn\u00e9e.<\/p>\n<p>Bon \u00e9tat, belle dorure<\/p>\n","protected":false},"excerpt":{"rendered":"<p>Plateau en laiton avec un motif en laiton dor\u00e9 repr\u00e9sentant une aigle non couronn\u00e9e. Bon \u00e9tat, belle dorure<\/p>\n","protected":false},"featured_media":4590,"template":"","meta":[],"product_brand":[],"product_cat":[50,19,30,24],"product_tag":[],"class_list":{"0":"post-4627","1":"product","2":"type-product","3":"status-publish","4":"has-post-thumbnail","6":"product_cat-autres-accessoires-et-pieces-detachees-duniformes","7":"product_cat-insignes","8":"product_cat-terre","9":"product_cat-uniformes-et-coiffures","10":"pa_statut-disponible","12":"first","13":"instock","14":"purchasable","15":"product-type-simple"},"_links":{"self":[{"href":"https:\/\/france-empires.com\/index.php\/wp-json\/wp\/v2\/product\/4627","targetHints":{"allow":["GET"]}}],"collection":[{"href":"https:\/\/france-empires.com\/index.php\/wp-json\/wp\/v2\/product"}],"about":[{"href":"https:\/\/france-empires.com\/index.php\/wp-json\/wp\/v2\/types\/product"}],"wp:featuredmedia":[{"embeddable":true,"href":"https:\/\/france-empires.com\/index.php\/wp-json\/wp\/v2\/media\/4590"}],"wp:attachment":[{"href":"https:\/\/france-empires.com\/index.php\/wp-json\/wp\/v2\/media?parent=4627"}],"wp:term":[{"taxonomy":"product_brand","embeddable":true,"href":"https:\/\/france-empires.com\/index.php\/wp-json\/wp\/v2\/product_brand?post=4627"},{"taxonomy":"product_cat","embeddable":true,"href":"https:\/\/france-empires.com\/index.php\/wp-json\/wp\/v2\/product_cat?post=4627"},{"taxonomy":"product_tag","embeddable":true,"href":"https:\/\/france-empires.com\/index.php\/wp-json\/wp\/v2\/product_tag?post=4627"}],"curies":[{"name":"wp","href":"https:\/\/api.w.org\/{rel}","templated":true}]}}