{"id":4629,"date":"2023-11-12T22:36:33","date_gmt":"2023-11-12T21:36:33","guid":{"rendered":"https:\/\/france-empires.com\/?post_type=product&#038;p=4629"},"modified":"2023-11-12T22:36:33","modified_gmt":"2023-11-12T21:36:33","slug":"parement-de-manche-brode-de-general-second-empire","status":"publish","type":"product","link":"https:\/\/france-empires.com\/index.php\/produit\/parement-de-manche-brode-de-general-second-empire\/","title":{"rendered":"Parement de manche brod\u00e9 de g\u00e9n\u00e9ral Second Empire"},"content":{"rendered":"<p>Beau travail de broderie feuilles de ch\u00eane<br \/>\nBouton petit module de general Second Empire<\/p>\n","protected":false},"excerpt":{"rendered":"<p>Beau travail de broderie feuilles de ch\u00eane Bouton petit module de general Second Empire<\/p>\n","protected":false},"featured_media":4595,"template":"","meta":[],"product_brand":[],"product_cat":[50,24],"product_tag":[],"class_list":{"0":"post-4629","1":"product","2":"type-product","3":"status-publish","4":"has-post-thumbnail","6":"product_cat-autres-accessoires-et-pieces-detachees-duniformes","7":"product_cat-uniformes-et-coiffures","8":"pa_statut-disponible","10":"first","11":"instock","12":"purchasable","13":"product-type-simple"},"_links":{"self":[{"href":"https:\/\/france-empires.com\/index.php\/wp-json\/wp\/v2\/product\/4629","targetHints":{"allow":["GET"]}}],"collection":[{"href":"https:\/\/france-empires.com\/index.php\/wp-json\/wp\/v2\/product"}],"about":[{"href":"https:\/\/france-empires.com\/index.php\/wp-json\/wp\/v2\/types\/product"}],"wp:featuredmedia":[{"embeddable":true,"href":"https:\/\/france-empires.com\/index.php\/wp-json\/wp\/v2\/media\/4595"}],"wp:attachment":[{"href":"https:\/\/france-empires.com\/index.php\/wp-json\/wp\/v2\/media?parent=4629"}],"wp:term":[{"taxonomy":"product_brand","embeddable":true,"href":"https:\/\/france-empires.com\/index.php\/wp-json\/wp\/v2\/product_brand?post=4629"},{"taxonomy":"product_cat","embeddable":true,"href":"https:\/\/france-empires.com\/index.php\/wp-json\/wp\/v2\/product_cat?post=4629"},{"taxonomy":"product_tag","embeddable":true,"href":"https:\/\/france-empires.com\/index.php\/wp-json\/wp\/v2\/product_tag?post=4629"}],"curies":[{"name":"wp","href":"https:\/\/api.w.org\/{rel}","templated":true}]}}