{"id":4631,"date":"2023-11-12T22:48:08","date_gmt":"2023-11-12T21:48:08","guid":{"rendered":"https:\/\/france-empires.com\/?post_type=product&#038;p=4631"},"modified":"2024-11-05T22:27:48","modified_gmt":"2024-11-05T21:27:48","slug":"insigne-de-casque-ou-kepi-croissant-et-etoile","status":"publish","type":"product","link":"https:\/\/france-empires.com\/index.php\/produit\/insigne-de-casque-ou-kepi-croissant-et-etoile\/","title":{"rendered":"Insigne de casque ou k\u00e9pi, croissant et \u00e9toile"},"content":{"rendered":"<p>Insigne en m\u00e9tal argent\u00e9 probablement pour un casque colonial ou un k\u00e9pi<br \/>\nCroissante et \u00e9toile, ces insignes sont en g\u00e9n\u00e9ral donn\u00e9s pour les troupes d&rsquo;Afrique (spahis, m\u00e9haristes) mais plut\u00f4t en m\u00e9tal jaune<br \/>\nEn m\u00e9tal argent\u00e9 peut-\u00eatre pour chasseurs d&rsquo;Afrique ?<br \/>\nDifficile a dater, je le pense n\u00e9anmoins probablement de la premi\u00e8re moitie du 20e si\u00e8cle<\/p>\n<p>TBE complets de ses anneaux de fixation<\/p>\n","protected":false},"excerpt":{"rendered":"<p>Insigne en m\u00e9tal argent\u00e9 probablement pour un casque colonial ou un k\u00e9pi Croissante et \u00e9toile, ces insignes sont en g\u00e9n\u00e9ral donn\u00e9s pour les troupes d&rsquo;Afrique (spahis, m\u00e9haristes) mais plut\u00f4t en m\u00e9tal jaune En m\u00e9tal argent\u00e9 peut-\u00eatre pour chasseurs d&rsquo;Afrique ? Difficile a dater, je le pense n\u00e9anmoins probablement de la premi\u00e8re&hellip;<\/p>\n","protected":false},"featured_media":4597,"template":"","meta":[],"product_brand":[],"product_cat":[46,19,30,24],"product_tag":[],"class_list":{"0":"post-4631","1":"product","2":"type-product","3":"status-publish","4":"has-post-thumbnail","6":"product_cat-accessoires-et-pieces-detachees-de-coiffures","7":"product_cat-insignes","8":"product_cat-terre","9":"product_cat-uniformes-et-coiffures","11":"first","12":"instock","13":"product-type-simple"},"_links":{"self":[{"href":"https:\/\/france-empires.com\/index.php\/wp-json\/wp\/v2\/product\/4631","targetHints":{"allow":["GET"]}}],"collection":[{"href":"https:\/\/france-empires.com\/index.php\/wp-json\/wp\/v2\/product"}],"about":[{"href":"https:\/\/france-empires.com\/index.php\/wp-json\/wp\/v2\/types\/product"}],"wp:featuredmedia":[{"embeddable":true,"href":"https:\/\/france-empires.com\/index.php\/wp-json\/wp\/v2\/media\/4597"}],"wp:attachment":[{"href":"https:\/\/france-empires.com\/index.php\/wp-json\/wp\/v2\/media?parent=4631"}],"wp:term":[{"taxonomy":"product_brand","embeddable":true,"href":"https:\/\/france-empires.com\/index.php\/wp-json\/wp\/v2\/product_brand?post=4631"},{"taxonomy":"product_cat","embeddable":true,"href":"https:\/\/france-empires.com\/index.php\/wp-json\/wp\/v2\/product_cat?post=4631"},{"taxonomy":"product_tag","embeddable":true,"href":"https:\/\/france-empires.com\/index.php\/wp-json\/wp\/v2\/product_tag?post=4631"}],"curies":[{"name":"wp","href":"https:\/\/api.w.org\/{rel}","templated":true}]}}