{"id":4653,"date":"2023-11-26T19:00:27","date_gmt":"2023-11-26T18:00:27","guid":{"rendered":"https:\/\/france-empires.com\/?post_type=product&#038;p=4653"},"modified":"2024-02-19T22:21:29","modified_gmt":"2024-02-19T21:21:29","slug":"medaille-commemorative-de-187-1871","status":"publish","type":"product","link":"https:\/\/france-empires.com\/index.php\/produit\/medaille-commemorative-de-187-1871\/","title":{"rendered":"M\u00e9daille comm\u00e9morative de 187-1871"},"content":{"rendered":"<p>En bel \u00e9tat, avec agrafe et bouton de fixation<\/p>\n","protected":false},"excerpt":{"rendered":"<p>En bel \u00e9tat, avec agrafe et bouton de fixation<\/p>\n","protected":false},"featured_media":4651,"template":"","meta":[],"product_brand":[],"product_cat":[23,42],"product_tag":[],"class_list":{"0":"post-4653","1":"product","2":"type-product","3":"status-publish","4":"has-post-thumbnail","6":"product_cat-medailles-et-decorations","7":"product_cat-militaires","8":"pa_statut-vendu","10":"first","11":"outofstock","12":"product-type-simple"},"_links":{"self":[{"href":"https:\/\/france-empires.com\/index.php\/wp-json\/wp\/v2\/product\/4653","targetHints":{"allow":["GET"]}}],"collection":[{"href":"https:\/\/france-empires.com\/index.php\/wp-json\/wp\/v2\/product"}],"about":[{"href":"https:\/\/france-empires.com\/index.php\/wp-json\/wp\/v2\/types\/product"}],"wp:featuredmedia":[{"embeddable":true,"href":"https:\/\/france-empires.com\/index.php\/wp-json\/wp\/v2\/media\/4651"}],"wp:attachment":[{"href":"https:\/\/france-empires.com\/index.php\/wp-json\/wp\/v2\/media?parent=4653"}],"wp:term":[{"taxonomy":"product_brand","embeddable":true,"href":"https:\/\/france-empires.com\/index.php\/wp-json\/wp\/v2\/product_brand?post=4653"},{"taxonomy":"product_cat","embeddable":true,"href":"https:\/\/france-empires.com\/index.php\/wp-json\/wp\/v2\/product_cat?post=4653"},{"taxonomy":"product_tag","embeddable":true,"href":"https:\/\/france-empires.com\/index.php\/wp-json\/wp\/v2\/product_tag?post=4653"}],"curies":[{"name":"wp","href":"https:\/\/api.w.org\/{rel}","templated":true}]}}