{"id":4720,"date":"2023-11-26T19:00:00","date_gmt":"2023-11-26T18:00:00","guid":{"rendered":"https:\/\/france-empires.com\/?post_type=product&#038;p=4720"},"modified":"2023-11-23T18:42:21","modified_gmt":"2023-11-23T17:42:21","slug":"plumet-de-shako-ou-kepi-de-grande-tenue-dofficier-dartillerie","status":"publish","type":"product","link":"https:\/\/france-empires.com\/index.php\/produit\/plumet-de-shako-ou-kepi-de-grande-tenue-dofficier-dartillerie\/","title":{"rendered":"Plumet de shako ou k\u00e9pi de grande tenue d&rsquo;officier d&rsquo;artillerie"},"content":{"rendered":"<p>Plumet de plumes rouges, olive dor\u00e9e, mont\u00e9 sur tige m\u00e9tal de fixation  a la coiffure<br \/>\nEpoque Second Empire \/ d\u00e9but Troisi\u00e8me r\u00e9publique<\/p>\n","protected":false},"excerpt":{"rendered":"<p>Plumet de plumes rouges, olive dor\u00e9e, mont\u00e9 sur tige m\u00e9tal de fixation a la coiffure Epoque Second Empire \/ d\u00e9but Troisi\u00e8me r\u00e9publique<\/p>\n","protected":false},"featured_media":4706,"template":"","meta":[],"product_brand":[],"product_cat":[46,24],"product_tag":[],"class_list":{"0":"post-4720","1":"product","2":"type-product","3":"status-publish","4":"has-post-thumbnail","6":"product_cat-accessoires-et-pieces-detachees-de-coiffures","7":"product_cat-uniformes-et-coiffures","8":"pa_statut-disponible","10":"first","11":"instock","12":"purchasable","13":"product-type-simple"},"_links":{"self":[{"href":"https:\/\/france-empires.com\/index.php\/wp-json\/wp\/v2\/product\/4720","targetHints":{"allow":["GET"]}}],"collection":[{"href":"https:\/\/france-empires.com\/index.php\/wp-json\/wp\/v2\/product"}],"about":[{"href":"https:\/\/france-empires.com\/index.php\/wp-json\/wp\/v2\/types\/product"}],"wp:featuredmedia":[{"embeddable":true,"href":"https:\/\/france-empires.com\/index.php\/wp-json\/wp\/v2\/media\/4706"}],"wp:attachment":[{"href":"https:\/\/france-empires.com\/index.php\/wp-json\/wp\/v2\/media?parent=4720"}],"wp:term":[{"taxonomy":"product_brand","embeddable":true,"href":"https:\/\/france-empires.com\/index.php\/wp-json\/wp\/v2\/product_brand?post=4720"},{"taxonomy":"product_cat","embeddable":true,"href":"https:\/\/france-empires.com\/index.php\/wp-json\/wp\/v2\/product_cat?post=4720"},{"taxonomy":"product_tag","embeddable":true,"href":"https:\/\/france-empires.com\/index.php\/wp-json\/wp\/v2\/product_tag?post=4720"}],"curies":[{"name":"wp","href":"https:\/\/api.w.org\/{rel}","templated":true}]}}