{"id":4735,"date":"2023-12-10T19:00:58","date_gmt":"2023-12-10T18:00:58","guid":{"rendered":"https:\/\/france-empires.com\/?post_type=product&#038;p=4735"},"modified":"2023-12-08T21:08:28","modified_gmt":"2023-12-08T20:08:28","slug":"pompon-flamme-pour-shako","status":"publish","type":"product","link":"https:\/\/france-empires.com\/index.php\/produit\/pompon-flamme-pour-shako\/","title":{"rendered":"Pompon flamme pour shako"},"content":{"rendered":"<p>POMPON FLAMME POUR SHAKO.<\/p>\n<p>Pompon sph\u00e9rique en canetille dor\u00e9e, H 3,5 cm, diam\u00e8tre 3 cm, surmont\u00e9 d&rsquo;une flamme en laine rouge enserr\u00e9e dans une bague de laine blanche, H 7,5 cm, mont\u00e9 sur une tige d&rsquo;acier de 5 cm.<\/p>\n<p>Tr\u00e8s bon \u00e9tat.<\/p>\n<p>Origine inconnue. Probablement France premi\u00e8re moiti\u00e9 du 19e ?<\/p>\n","protected":false},"excerpt":{"rendered":"<p>POMPON FLAMME POUR SHAKO. Pompon sph\u00e9rique en canetille dor\u00e9e, H 3,5 cm, diam\u00e8tre 3 cm, surmont\u00e9 d&rsquo;une flamme en laine rouge enserr\u00e9e dans une bague de laine blanche, H 7,5 cm, mont\u00e9 sur une tige d&rsquo;acier de 5 cm. Tr\u00e8s bon \u00e9tat. Origine inconnue. Probablement France premi\u00e8re moiti\u00e9 du 19e ?<\/p>\n","protected":false},"featured_media":4695,"template":"","meta":[],"product_brand":[],"product_cat":[46,24],"product_tag":[],"class_list":{"0":"post-4735","1":"product","2":"type-product","3":"status-publish","4":"has-post-thumbnail","6":"product_cat-accessoires-et-pieces-detachees-de-coiffures","7":"product_cat-uniformes-et-coiffures","8":"pa_statut-disponible","10":"first","11":"instock","12":"purchasable","13":"product-type-simple"},"_links":{"self":[{"href":"https:\/\/france-empires.com\/index.php\/wp-json\/wp\/v2\/product\/4735","targetHints":{"allow":["GET"]}}],"collection":[{"href":"https:\/\/france-empires.com\/index.php\/wp-json\/wp\/v2\/product"}],"about":[{"href":"https:\/\/france-empires.com\/index.php\/wp-json\/wp\/v2\/types\/product"}],"wp:featuredmedia":[{"embeddable":true,"href":"https:\/\/france-empires.com\/index.php\/wp-json\/wp\/v2\/media\/4695"}],"wp:attachment":[{"href":"https:\/\/france-empires.com\/index.php\/wp-json\/wp\/v2\/media?parent=4735"}],"wp:term":[{"taxonomy":"product_brand","embeddable":true,"href":"https:\/\/france-empires.com\/index.php\/wp-json\/wp\/v2\/product_brand?post=4735"},{"taxonomy":"product_cat","embeddable":true,"href":"https:\/\/france-empires.com\/index.php\/wp-json\/wp\/v2\/product_cat?post=4735"},{"taxonomy":"product_tag","embeddable":true,"href":"https:\/\/france-empires.com\/index.php\/wp-json\/wp\/v2\/product_tag?post=4735"}],"curies":[{"name":"wp","href":"https:\/\/api.w.org\/{rel}","templated":true}]}}