{"id":4737,"date":"2023-11-26T19:00:35","date_gmt":"2023-11-26T18:00:35","guid":{"rendered":"https:\/\/france-empires.com\/?post_type=product&#038;p=4737"},"modified":"2023-11-23T22:26:16","modified_gmt":"2023-11-23T21:26:16","slug":"portrait-du-general-schurter","status":"publish","type":"product","link":"https:\/\/france-empires.com\/index.php\/produit\/portrait-du-general-schurter\/","title":{"rendered":"Portrait du general Schurter"},"content":{"rendered":"<p>Beau portrait de g\u00e9n\u00e9ral avec attribution manuscrite, dans un cadre en bois et stuc dor\u00e9<br \/>\nQuelques petits accidents au cadre et mouillures<br \/>\nDimensions environ 45 par 35 cm.<br \/>\nAutriche, Suisse ?<\/p>\n","protected":false},"excerpt":{"rendered":"<p>Beau portrait de g\u00e9n\u00e9ral avec attribution manuscrite, dans un cadre en bois et stuc dor\u00e9 Quelques petits accidents au cadre et mouillures Dimensions environ 45 par 35 cm. Autriche, Suisse ?<\/p>\n","protected":false},"featured_media":4738,"template":"","meta":[],"product_brand":[],"product_cat":[28,26],"product_tag":[],"class_list":{"0":"post-4737","1":"product","2":"type-product","3":"status-publish","4":"has-post-thumbnail","6":"product_cat-antiquites-et-autres-collections","7":"product_cat-librairie-documents-et-photos","8":"pa_statut-disponible","10":"first","11":"instock","12":"purchasable","13":"product-type-simple"},"_links":{"self":[{"href":"https:\/\/france-empires.com\/index.php\/wp-json\/wp\/v2\/product\/4737","targetHints":{"allow":["GET"]}}],"collection":[{"href":"https:\/\/france-empires.com\/index.php\/wp-json\/wp\/v2\/product"}],"about":[{"href":"https:\/\/france-empires.com\/index.php\/wp-json\/wp\/v2\/types\/product"}],"wp:featuredmedia":[{"embeddable":true,"href":"https:\/\/france-empires.com\/index.php\/wp-json\/wp\/v2\/media\/4738"}],"wp:attachment":[{"href":"https:\/\/france-empires.com\/index.php\/wp-json\/wp\/v2\/media?parent=4737"}],"wp:term":[{"taxonomy":"product_brand","embeddable":true,"href":"https:\/\/france-empires.com\/index.php\/wp-json\/wp\/v2\/product_brand?post=4737"},{"taxonomy":"product_cat","embeddable":true,"href":"https:\/\/france-empires.com\/index.php\/wp-json\/wp\/v2\/product_cat?post=4737"},{"taxonomy":"product_tag","embeddable":true,"href":"https:\/\/france-empires.com\/index.php\/wp-json\/wp\/v2\/product_tag?post=4737"}],"curies":[{"name":"wp","href":"https:\/\/api.w.org\/{rel}","templated":true}]}}