{"id":4802,"date":"2023-12-03T19:00:00","date_gmt":"2023-12-03T18:00:00","guid":{"rendered":"https:\/\/france-empires.com\/?post_type=product&#038;p=4802"},"modified":"2024-02-19T22:21:47","modified_gmt":"2024-02-19T21:21:47","slug":"medaille-de-gravelotte-1870","status":"publish","type":"product","link":"https:\/\/france-empires.com\/index.php\/produit\/medaille-de-gravelotte-1870\/","title":{"rendered":"M\u00e9daille de Gravelotte 1870"},"content":{"rendered":"<p>M\u00e9daille de Gravelotte, 18 ao\u00fbt 1870 &#8211;<br \/>\nAssociation de Combattants de Gravelotte et de l&rsquo;Arm\u00e9e du Rhin, insigne de membre en m\u00e9tal dor\u00e9 et \u00e9maill\u00e9, ruban tricolore.<br \/>\nDimensions: 40 x 28 mm France, fin du XIXe si\u00e8cle. TTB \u00e0 SUP<\/p>\n","protected":false},"excerpt":{"rendered":"<p>M\u00e9daille de Gravelotte, 18 ao\u00fbt 1870 &#8211; Association de Combattants de Gravelotte et de l&rsquo;Arm\u00e9e du Rhin, insigne de membre en m\u00e9tal dor\u00e9 et \u00e9maill\u00e9, ruban tricolore. Dimensions: 40 x 28 mm France, fin du XIXe si\u00e8cle. TTB \u00e0 SUP<\/p>\n","protected":false},"featured_media":4797,"template":"","meta":[],"product_brand":[],"product_cat":[23,42],"product_tag":[],"class_list":{"0":"post-4802","1":"product","2":"type-product","3":"status-publish","4":"has-post-thumbnail","6":"product_cat-medailles-et-decorations","7":"product_cat-militaires","8":"pa_statut-vendu","10":"first","11":"outofstock","12":"product-type-simple"},"_links":{"self":[{"href":"https:\/\/france-empires.com\/index.php\/wp-json\/wp\/v2\/product\/4802","targetHints":{"allow":["GET"]}}],"collection":[{"href":"https:\/\/france-empires.com\/index.php\/wp-json\/wp\/v2\/product"}],"about":[{"href":"https:\/\/france-empires.com\/index.php\/wp-json\/wp\/v2\/types\/product"}],"wp:featuredmedia":[{"embeddable":true,"href":"https:\/\/france-empires.com\/index.php\/wp-json\/wp\/v2\/media\/4797"}],"wp:attachment":[{"href":"https:\/\/france-empires.com\/index.php\/wp-json\/wp\/v2\/media?parent=4802"}],"wp:term":[{"taxonomy":"product_brand","embeddable":true,"href":"https:\/\/france-empires.com\/index.php\/wp-json\/wp\/v2\/product_brand?post=4802"},{"taxonomy":"product_cat","embeddable":true,"href":"https:\/\/france-empires.com\/index.php\/wp-json\/wp\/v2\/product_cat?post=4802"},{"taxonomy":"product_tag","embeddable":true,"href":"https:\/\/france-empires.com\/index.php\/wp-json\/wp\/v2\/product_tag?post=4802"}],"curies":[{"name":"wp","href":"https:\/\/api.w.org\/{rel}","templated":true}]}}