{"id":4823,"date":"2023-12-03T19:00:25","date_gmt":"2023-12-03T18:00:25","guid":{"rendered":"https:\/\/france-empires.com\/?post_type=product&#038;p=4823"},"modified":"2026-03-09T19:23:17","modified_gmt":"2026-03-09T18:23:17","slug":"medaille-de-bons-services-royaume-degypte","status":"publish","type":"product","link":"https:\/\/france-empires.com\/index.php\/produit\/medaille-de-bons-services-royaume-degypte\/","title":{"rendered":"M\u00e9daille de bons services , Royaume d&rsquo;Egypte"},"content":{"rendered":"<p>Classe argent<br \/>\nTTBE module et ruban<br \/>\nTr\u00e8s rare m\u00e9daille attribu\u00e9e au personnel de la Maison du Roi Fuad 1er.<\/p>\n<p>ISLAMIC COMMEMORATIVE MEDALS, EGYPT, Fuad I (1922-1951), MEDAL OF ROYAL BENEVOLENCE 1347H, CIRCA 1928 FOR LONG AND FAITHFUL SERVICE TO THE ROYAL FAMILY SILVER MEDAL (25 YEARS) BY L.ROSEN &#038; CO CAIRO BUST OF FOUAD RIGHT CREST AND TEXT WITHIN WREATH 30MM INTEGRAL SUSPENSION AND RIBBON<\/p>\n","protected":false},"excerpt":{"rendered":"<p>Classe argent TTBE module et ruban Tr\u00e8s rare m\u00e9daille attribu\u00e9e au personnel de la Maison du Roi Fuad 1er. ISLAMIC COMMEMORATIVE MEDALS, EGYPT, Fuad I (1922-1951), MEDAL OF ROYAL BENEVOLENCE 1347H, CIRCA 1928 FOR LONG AND FAITHFUL SERVICE TO THE ROYAL FAMILY SILVER MEDAL (25 YEARS) BY L.ROSEN &#038; CO CAIRO&hellip;<\/p>\n","protected":false},"featured_media":4818,"template":"","meta":[],"product_brand":[],"product_cat":[41,23,42],"product_tag":[],"class_list":{"0":"post-4823","1":"product","2":"type-product","3":"status-publish","4":"has-post-thumbnail","6":"product_cat-civiles","7":"product_cat-medailles-et-decorations","8":"product_cat-militaires","9":"pa_statut-disponible","11":"first","12":"outofstock","13":"product-type-simple"},"_links":{"self":[{"href":"https:\/\/france-empires.com\/index.php\/wp-json\/wp\/v2\/product\/4823","targetHints":{"allow":["GET"]}}],"collection":[{"href":"https:\/\/france-empires.com\/index.php\/wp-json\/wp\/v2\/product"}],"about":[{"href":"https:\/\/france-empires.com\/index.php\/wp-json\/wp\/v2\/types\/product"}],"wp:featuredmedia":[{"embeddable":true,"href":"https:\/\/france-empires.com\/index.php\/wp-json\/wp\/v2\/media\/4818"}],"wp:attachment":[{"href":"https:\/\/france-empires.com\/index.php\/wp-json\/wp\/v2\/media?parent=4823"}],"wp:term":[{"taxonomy":"product_brand","embeddable":true,"href":"https:\/\/france-empires.com\/index.php\/wp-json\/wp\/v2\/product_brand?post=4823"},{"taxonomy":"product_cat","embeddable":true,"href":"https:\/\/france-empires.com\/index.php\/wp-json\/wp\/v2\/product_cat?post=4823"},{"taxonomy":"product_tag","embeddable":true,"href":"https:\/\/france-empires.com\/index.php\/wp-json\/wp\/v2\/product_tag?post=4823"}],"curies":[{"name":"wp","href":"https:\/\/api.w.org\/{rel}","templated":true}]}}