{"id":4829,"date":"2023-12-10T19:00:40","date_gmt":"2023-12-10T18:00:40","guid":{"rendered":"https:\/\/france-empires.com\/?post_type=product&#038;p=4829"},"modified":"2023-12-08T21:07:39","modified_gmt":"2023-12-08T20:07:39","slug":"kepi-de-colonel-vers-1860-1870","status":"publish","type":"product","link":"https:\/\/france-empires.com\/index.php\/produit\/kepi-de-colonel-vers-1860-1870\/","title":{"rendered":"kepi de colonel vers 1860-1870"},"content":{"rendered":"<p>K\u00e9pi non identifi\u00e9 formellement<br \/>\nA priori un k\u00e9pi de colonel d&rsquo;\u00e9cole de cavalerie ?<br \/>\nBelle forme, de gros trous de mites <\/p>\n","protected":false},"excerpt":{"rendered":"<p>K\u00e9pi non identifi\u00e9 formellement A priori un k\u00e9pi de colonel d&rsquo;\u00e9cole de cavalerie ? Belle forme, de gros trous de mites<\/p>\n","protected":false},"featured_media":4834,"template":"","meta":[],"product_brand":[],"product_cat":[45,24],"product_tag":[],"class_list":{"0":"post-4829","1":"product","2":"type-product","3":"status-publish","4":"has-post-thumbnail","6":"product_cat-coiffures-casques-kepis-shakos-etc","7":"product_cat-uniformes-et-coiffures","8":"pa_statut-disponible","10":"first","11":"instock","12":"purchasable","13":"product-type-simple"},"_links":{"self":[{"href":"https:\/\/france-empires.com\/index.php\/wp-json\/wp\/v2\/product\/4829","targetHints":{"allow":["GET"]}}],"collection":[{"href":"https:\/\/france-empires.com\/index.php\/wp-json\/wp\/v2\/product"}],"about":[{"href":"https:\/\/france-empires.com\/index.php\/wp-json\/wp\/v2\/types\/product"}],"wp:featuredmedia":[{"embeddable":true,"href":"https:\/\/france-empires.com\/index.php\/wp-json\/wp\/v2\/media\/4834"}],"wp:attachment":[{"href":"https:\/\/france-empires.com\/index.php\/wp-json\/wp\/v2\/media?parent=4829"}],"wp:term":[{"taxonomy":"product_brand","embeddable":true,"href":"https:\/\/france-empires.com\/index.php\/wp-json\/wp\/v2\/product_brand?post=4829"},{"taxonomy":"product_cat","embeddable":true,"href":"https:\/\/france-empires.com\/index.php\/wp-json\/wp\/v2\/product_cat?post=4829"},{"taxonomy":"product_tag","embeddable":true,"href":"https:\/\/france-empires.com\/index.php\/wp-json\/wp\/v2\/product_tag?post=4829"}],"curies":[{"name":"wp","href":"https:\/\/api.w.org\/{rel}","templated":true}]}}