{"id":4850,"date":"2023-12-10T19:00:18","date_gmt":"2023-12-10T18:00:18","guid":{"rendered":"https:\/\/france-empires.com\/?post_type=product&#038;p=4850"},"modified":"2024-01-13T14:19:26","modified_gmt":"2024-01-13T13:19:26","slug":"lots-de-documents-dun-gendarme-2gm","status":"publish","type":"product","link":"https:\/\/france-empires.com\/index.php\/produit\/lots-de-documents-dun-gendarme-2gm\/","title":{"rendered":"Lots de documents d&rsquo;un gendarme 2GM"},"content":{"rendered":"<p>Lot de documents<br \/>\n&#8211; m\u00e9daille militaire<br \/>\n&#8211; t\u00e9moignages de m\u00e9rite du Minist\u00e8re de la Guerre et d&rsquo;Int\u00e9rieur<br \/>\n10e l\u00e9gion, Loire Inferieure, Finist\u00e8re <\/p>\n","protected":false},"excerpt":{"rendered":"<p>Lot de documents &#8211; m\u00e9daille militaire &#8211; t\u00e9moignages de m\u00e9rite du Minist\u00e8re de la Guerre et d&rsquo;Int\u00e9rieur 10e l\u00e9gion, Loire Inferieure, Finist\u00e8re<\/p>\n","protected":false},"featured_media":4860,"template":"","meta":[],"product_brand":[],"product_cat":[26],"product_tag":[],"class_list":{"0":"post-4850","1":"product","2":"type-product","3":"status-publish","4":"has-post-thumbnail","6":"product_cat-librairie-documents-et-photos","7":"pa_statut-disponible","9":"first","10":"outofstock","11":"purchasable","12":"product-type-simple"},"_links":{"self":[{"href":"https:\/\/france-empires.com\/index.php\/wp-json\/wp\/v2\/product\/4850","targetHints":{"allow":["GET"]}}],"collection":[{"href":"https:\/\/france-empires.com\/index.php\/wp-json\/wp\/v2\/product"}],"about":[{"href":"https:\/\/france-empires.com\/index.php\/wp-json\/wp\/v2\/types\/product"}],"wp:featuredmedia":[{"embeddable":true,"href":"https:\/\/france-empires.com\/index.php\/wp-json\/wp\/v2\/media\/4860"}],"wp:attachment":[{"href":"https:\/\/france-empires.com\/index.php\/wp-json\/wp\/v2\/media?parent=4850"}],"wp:term":[{"taxonomy":"product_brand","embeddable":true,"href":"https:\/\/france-empires.com\/index.php\/wp-json\/wp\/v2\/product_brand?post=4850"},{"taxonomy":"product_cat","embeddable":true,"href":"https:\/\/france-empires.com\/index.php\/wp-json\/wp\/v2\/product_cat?post=4850"},{"taxonomy":"product_tag","embeddable":true,"href":"https:\/\/france-empires.com\/index.php\/wp-json\/wp\/v2\/product_tag?post=4850"}],"curies":[{"name":"wp","href":"https:\/\/api.w.org\/{rel}","templated":true}]}}