{"id":4927,"date":"2023-12-17T19:00:38","date_gmt":"2023-12-17T18:00:38","guid":{"rendered":"https:\/\/france-empires.com\/?post_type=product&#038;p=4927"},"modified":"2024-04-30T15:22:41","modified_gmt":"2024-04-30T13:22:41","slug":"coffret-de-giberne-dofficier-des-lanciers-ou-chasseurs-a-cheval-de-la-garde-imperiale-second-empire","status":"publish","type":"product","link":"https:\/\/france-empires.com\/index.php\/produit\/coffret-de-giberne-dofficier-des-lanciers-ou-chasseurs-a-cheval-de-la-garde-imperiale-second-empire\/","title":{"rendered":"Coffret de giberne d&rsquo;officier des Lanciers ou Chasseurs \u00e0 Cheval de la Garde Imp\u00e9riale, Second Empire"},"content":{"rendered":"<p>Coffret en cuir noir<br \/>\nPatelette en cuir noir, soleil rayonnant avec Grandes Armes imp\u00e9riales<br \/>\nTr\u00e8s bon \u00e9tat.<\/p>\n<p>France<\/p>\n<p>Second Empire.<\/p>\n","protected":false},"excerpt":{"rendered":"<p>Coffret en cuir noir Patelette en cuir noir, soleil rayonnant avec Grandes Armes imp\u00e9riales Tr\u00e8s bon \u00e9tat. France Second Empire.<\/p>\n","protected":false},"featured_media":4928,"template":"","meta":[],"product_brand":[],"product_cat":[25,51],"product_tag":[],"class_list":{"0":"post-4927","1":"product","2":"type-product","3":"status-publish","4":"has-post-thumbnail","6":"product_cat-equipements","7":"product_cat-equipements-du-soldat-pour-le-combat-ceinturons-cartouchieres-sac-a-dos-etc","8":"pa_statut-vendu","10":"first","11":"outofstock","12":"product-type-simple"},"_links":{"self":[{"href":"https:\/\/france-empires.com\/index.php\/wp-json\/wp\/v2\/product\/4927","targetHints":{"allow":["GET"]}}],"collection":[{"href":"https:\/\/france-empires.com\/index.php\/wp-json\/wp\/v2\/product"}],"about":[{"href":"https:\/\/france-empires.com\/index.php\/wp-json\/wp\/v2\/types\/product"}],"wp:featuredmedia":[{"embeddable":true,"href":"https:\/\/france-empires.com\/index.php\/wp-json\/wp\/v2\/media\/4928"}],"wp:attachment":[{"href":"https:\/\/france-empires.com\/index.php\/wp-json\/wp\/v2\/media?parent=4927"}],"wp:term":[{"taxonomy":"product_brand","embeddable":true,"href":"https:\/\/france-empires.com\/index.php\/wp-json\/wp\/v2\/product_brand?post=4927"},{"taxonomy":"product_cat","embeddable":true,"href":"https:\/\/france-empires.com\/index.php\/wp-json\/wp\/v2\/product_cat?post=4927"},{"taxonomy":"product_tag","embeddable":true,"href":"https:\/\/france-empires.com\/index.php\/wp-json\/wp\/v2\/product_tag?post=4927"}],"curies":[{"name":"wp","href":"https:\/\/api.w.org\/{rel}","templated":true}]}}