{"id":4954,"date":"2023-12-17T19:00:45","date_gmt":"2023-12-17T18:00:45","guid":{"rendered":"https:\/\/france-empires.com\/?post_type=product&#038;p=4954"},"modified":"2023-12-23T11:53:25","modified_gmt":"2023-12-23T10:53:25","slug":"bicorne-de-mousquetaire-gris-premiere-compagnie-epoque-restauration","status":"publish","type":"product","link":"https:\/\/france-empires.com\/index.php\/produit\/bicorne-de-mousquetaire-gris-premiere-compagnie-epoque-restauration\/","title":{"rendered":"Bicorne de Mousquetaire gris, Premi\u00e8re Compagnie, \u00e9poque Restauration"},"content":{"rendered":"<p>Bicorne de mousquetaire gris, 1\u00e8re compagnie, en feutre noir, cocarde en fils blanc et argent, ganse en passementerie dor\u00e9e (oxyd\u00e9e), plumes d&rsquo;autruche, bouton dor\u00e9; bandeau int\u00e9rieur en cuir et coiffe en soie noire.<\/p>\n<p>Bon \u00e9tat, feutre \u00ab\u00a0brout\u00e9\u00a0\u00bb.<\/p>\n<p>\u00c9poque Restauration. <\/p>\n","protected":false},"excerpt":{"rendered":"<p>Bicorne de mousquetaire gris, 1\u00e8re compagnie, en feutre noir, cocarde en fils blanc et argent, ganse en passementerie dor\u00e9e (oxyd\u00e9e), plumes d&rsquo;autruche, bouton dor\u00e9; bandeau int\u00e9rieur en cuir et coiffe en soie noire. Bon \u00e9tat, feutre \u00ab\u00a0brout\u00e9\u00a0\u00bb. \u00c9poque Restauration.<\/p>\n","protected":false},"featured_media":4967,"template":"","meta":[],"product_brand":[],"product_cat":[45,24],"product_tag":[],"class_list":{"0":"post-4954","1":"product","2":"type-product","3":"status-publish","4":"has-post-thumbnail","6":"product_cat-coiffures-casques-kepis-shakos-etc","7":"product_cat-uniformes-et-coiffures","8":"pa_statut-disponible","10":"first","11":"instock","12":"purchasable","13":"product-type-simple"},"_links":{"self":[{"href":"https:\/\/france-empires.com\/index.php\/wp-json\/wp\/v2\/product\/4954","targetHints":{"allow":["GET"]}}],"collection":[{"href":"https:\/\/france-empires.com\/index.php\/wp-json\/wp\/v2\/product"}],"about":[{"href":"https:\/\/france-empires.com\/index.php\/wp-json\/wp\/v2\/types\/product"}],"wp:featuredmedia":[{"embeddable":true,"href":"https:\/\/france-empires.com\/index.php\/wp-json\/wp\/v2\/media\/4967"}],"wp:attachment":[{"href":"https:\/\/france-empires.com\/index.php\/wp-json\/wp\/v2\/media?parent=4954"}],"wp:term":[{"taxonomy":"product_brand","embeddable":true,"href":"https:\/\/france-empires.com\/index.php\/wp-json\/wp\/v2\/product_brand?post=4954"},{"taxonomy":"product_cat","embeddable":true,"href":"https:\/\/france-empires.com\/index.php\/wp-json\/wp\/v2\/product_cat?post=4954"},{"taxonomy":"product_tag","embeddable":true,"href":"https:\/\/france-empires.com\/index.php\/wp-json\/wp\/v2\/product_tag?post=4954"}],"curies":[{"name":"wp","href":"https:\/\/api.w.org\/{rel}","templated":true}]}}