{"id":4990,"date":"2024-01-21T19:00:48","date_gmt":"2024-01-21T18:00:48","guid":{"rendered":"https:\/\/france-empires.com\/?post_type=product&#038;p=4990"},"modified":"2024-01-18T20:08:53","modified_gmt":"2024-01-18T19:08:53","slug":"sabre-de-larmee-dafrique-second-empire","status":"publish","type":"product","link":"https:\/\/france-empires.com\/index.php\/produit\/sabre-de-larmee-dafrique-second-empire\/","title":{"rendered":"Arm\u00e9e d&rsquo;Afrique, Second Empire"},"content":{"rendered":"<p>Tr\u00e8s beau sabre vers 1860-70 du type pr\u00e9figurant les sabres d&rsquo;officier d&rsquo;infanterie mod\u00e8le 1882.<br \/>\nEn usage document\u00e9 en particulier chez les chasseurs d&rsquo;Afrique et les tirailleurs alg\u00e9riens, on le retrouve \u00e9galement sur des photos d&rsquo;\u00e9poque d&rsquo;officiers de hussards par exemple.<\/p>\n<p>Celui ci a en outre la particularit\u00e9 d&rsquo;avoir une belle et rare lame grav\u00e9e de d\u00e9cors et d&rsquo;une aigle imp\u00e9riale.<\/p>\n","protected":false},"excerpt":{"rendered":"<p>Tr\u00e8s beau sabre vers 1860-70 du type pr\u00e9figurant les sabres d&rsquo;officier d&rsquo;infanterie mod\u00e8le 1882. En usage document\u00e9 en particulier chez les chasseurs d&rsquo;Afrique et les tirailleurs alg\u00e9riens, on le retrouve \u00e9galement sur des photos d&rsquo;\u00e9poque d&rsquo;officiers de hussards par exemple. Celui ci a en outre la particularit\u00e9 d&rsquo;avoir une belle et&hellip;<\/p>\n","protected":false},"featured_media":4997,"template":"","meta":[],"product_brand":[],"product_cat":[76,77],"product_tag":[],"class_list":{"0":"post-4990","1":"product","2":"type-product","3":"status-publish","4":"has-post-thumbnail","6":"product_cat-armes-anciennes","7":"product_cat-sabres-et-epees","8":"pa_statut-disponible","10":"first","11":"instock","12":"purchasable","13":"product-type-simple"},"_links":{"self":[{"href":"https:\/\/france-empires.com\/index.php\/wp-json\/wp\/v2\/product\/4990","targetHints":{"allow":["GET"]}}],"collection":[{"href":"https:\/\/france-empires.com\/index.php\/wp-json\/wp\/v2\/product"}],"about":[{"href":"https:\/\/france-empires.com\/index.php\/wp-json\/wp\/v2\/types\/product"}],"wp:featuredmedia":[{"embeddable":true,"href":"https:\/\/france-empires.com\/index.php\/wp-json\/wp\/v2\/media\/4997"}],"wp:attachment":[{"href":"https:\/\/france-empires.com\/index.php\/wp-json\/wp\/v2\/media?parent=4990"}],"wp:term":[{"taxonomy":"product_brand","embeddable":true,"href":"https:\/\/france-empires.com\/index.php\/wp-json\/wp\/v2\/product_brand?post=4990"},{"taxonomy":"product_cat","embeddable":true,"href":"https:\/\/france-empires.com\/index.php\/wp-json\/wp\/v2\/product_cat?post=4990"},{"taxonomy":"product_tag","embeddable":true,"href":"https:\/\/france-empires.com\/index.php\/wp-json\/wp\/v2\/product_tag?post=4990"}],"curies":[{"name":"wp","href":"https:\/\/api.w.org\/{rel}","templated":true}]}}