{"id":5000,"date":"2024-01-21T19:00:58","date_gmt":"2024-01-21T18:00:58","guid":{"rendered":"https:\/\/france-empires.com\/?post_type=product&#038;p=5000"},"modified":"2024-02-04T19:32:28","modified_gmt":"2024-02-04T18:32:28","slug":"carabinier-modele-1854","status":"publish","type":"product","link":"https:\/\/france-empires.com\/index.php\/produit\/carabinier-modele-1854\/","title":{"rendered":"Carabinier modele 1854"},"content":{"rendered":"<p>Sabre de carabinier dans sa longueur, non modifi\u00e9 ni raccourci<br \/>\nTr\u00e8s bon marquages pour ce sabre non nettoy\u00e9, en TBE d&rsquo;origine.<\/p>\n","protected":false},"excerpt":{"rendered":"<p>Sabre de carabinier dans sa longueur, non modifi\u00e9 ni raccourci Tr\u00e8s bon marquages pour ce sabre non nettoy\u00e9, en TBE d&rsquo;origine.<\/p>\n","protected":false},"featured_media":5011,"template":"","meta":[],"product_brand":[],"product_cat":[76,77],"product_tag":[],"class_list":{"0":"post-5000","1":"product","2":"type-product","3":"status-publish","4":"has-post-thumbnail","6":"product_cat-armes-anciennes","7":"product_cat-sabres-et-epees","9":"first","10":"instock","11":"taxable","12":"shipping-taxable","13":"purchasable","14":"product-type-simple"},"_links":{"self":[{"href":"https:\/\/france-empires.com\/index.php\/wp-json\/wp\/v2\/product\/5000","targetHints":{"allow":["GET"]}}],"collection":[{"href":"https:\/\/france-empires.com\/index.php\/wp-json\/wp\/v2\/product"}],"about":[{"href":"https:\/\/france-empires.com\/index.php\/wp-json\/wp\/v2\/types\/product"}],"wp:featuredmedia":[{"embeddable":true,"href":"https:\/\/france-empires.com\/index.php\/wp-json\/wp\/v2\/media\/5011"}],"wp:attachment":[{"href":"https:\/\/france-empires.com\/index.php\/wp-json\/wp\/v2\/media?parent=5000"}],"wp:term":[{"taxonomy":"product_brand","embeddable":true,"href":"https:\/\/france-empires.com\/index.php\/wp-json\/wp\/v2\/product_brand?post=5000"},{"taxonomy":"product_cat","embeddable":true,"href":"https:\/\/france-empires.com\/index.php\/wp-json\/wp\/v2\/product_cat?post=5000"},{"taxonomy":"product_tag","embeddable":true,"href":"https:\/\/france-empires.com\/index.php\/wp-json\/wp\/v2\/product_tag?post=5000"}],"curies":[{"name":"wp","href":"https:\/\/api.w.org\/{rel}","templated":true}]}}