{"id":5019,"date":"2024-01-21T19:00:07","date_gmt":"2024-01-21T18:00:07","guid":{"rendered":"https:\/\/france-empires.com\/?post_type=product&#038;p=5019"},"modified":"2025-04-28T23:11:19","modified_gmt":"2025-04-28T21:11:19","slug":"diplome-et-medaille-verdun-8e-tirailleurs-algeriens","status":"publish","type":"product","link":"https:\/\/france-empires.com\/index.php\/produit\/diplome-et-medaille-verdun-8e-tirailleurs-algeriens\/","title":{"rendered":"Dipl\u00f4me et m\u00e9daille, Verdun, 8e Tirailleurs Alg\u00e9riens"},"content":{"rendered":"<p>dans u  cadre d&rsquo;\u00e9poque<br \/>\nDipl\u00f4me de la m\u00e9daille de Verdun<br \/>\nAttribu\u00e9e a un soldat de premi\u00e8re classe du 8e R\u00e9giment de tirailleurs alg\u00e9riens<br \/>\nJoli montage et attribution int\u00e9ressante.<\/p>\n","protected":false},"excerpt":{"rendered":"<p>dans u cadre d&rsquo;\u00e9poque Dipl\u00f4me de la m\u00e9daille de Verdun Attribu\u00e9e a un soldat de premi\u00e8re classe du 8e R\u00e9giment de tirailleurs alg\u00e9riens Joli montage et attribution int\u00e9ressante.<\/p>\n","protected":false},"featured_media":5021,"template":"","meta":[],"product_brand":[],"product_cat":[23,42],"product_tag":[],"class_list":{"0":"post-5019","1":"product","2":"type-product","3":"status-publish","4":"has-post-thumbnail","6":"product_cat-medailles-et-decorations","7":"product_cat-militaires","8":"pa_statut-disponible","10":"first","11":"instock","12":"purchasable","13":"product-type-simple"},"_links":{"self":[{"href":"https:\/\/france-empires.com\/index.php\/wp-json\/wp\/v2\/product\/5019","targetHints":{"allow":["GET"]}}],"collection":[{"href":"https:\/\/france-empires.com\/index.php\/wp-json\/wp\/v2\/product"}],"about":[{"href":"https:\/\/france-empires.com\/index.php\/wp-json\/wp\/v2\/types\/product"}],"wp:featuredmedia":[{"embeddable":true,"href":"https:\/\/france-empires.com\/index.php\/wp-json\/wp\/v2\/media\/5021"}],"wp:attachment":[{"href":"https:\/\/france-empires.com\/index.php\/wp-json\/wp\/v2\/media?parent=5019"}],"wp:term":[{"taxonomy":"product_brand","embeddable":true,"href":"https:\/\/france-empires.com\/index.php\/wp-json\/wp\/v2\/product_brand?post=5019"},{"taxonomy":"product_cat","embeddable":true,"href":"https:\/\/france-empires.com\/index.php\/wp-json\/wp\/v2\/product_cat?post=5019"},{"taxonomy":"product_tag","embeddable":true,"href":"https:\/\/france-empires.com\/index.php\/wp-json\/wp\/v2\/product_tag?post=5019"}],"curies":[{"name":"wp","href":"https:\/\/api.w.org\/{rel}","templated":true}]}}