{"id":5025,"date":"2024-01-21T19:00:22","date_gmt":"2024-01-21T18:00:22","guid":{"rendered":"https:\/\/france-empires.com\/?post_type=product&#038;p=5025"},"modified":"2024-01-30T17:28:08","modified_gmt":"2024-01-30T16:28:08","slug":"plaque-de-casque-a-pointe-badois-reserviste","status":"publish","type":"product","link":"https:\/\/france-empires.com\/index.php\/produit\/plaque-de-casque-a-pointe-badois-reserviste\/","title":{"rendered":"Plaque de casque \u00e0 pointe Badois r\u00e9serviste"},"content":{"rendered":"<p>Plaque en BE mais doit \u00eatre nettoy\u00e9e<br \/>\nPas si fr\u00e9quente avec sa croix de r\u00e9serviste<\/p>\n","protected":false},"excerpt":{"rendered":"<p>Plaque en BE mais doit \u00eatre nettoy\u00e9e Pas si fr\u00e9quente avec sa croix de r\u00e9serviste<\/p>\n","protected":false},"featured_media":5026,"template":"","meta":[],"product_brand":[],"product_cat":[46,24],"product_tag":[],"class_list":{"0":"post-5025","1":"product","2":"type-product","3":"status-publish","4":"has-post-thumbnail","6":"product_cat-accessoires-et-pieces-detachees-de-coiffures","7":"product_cat-uniformes-et-coiffures","8":"pa_statut-disponible","10":"first","11":"outofstock","12":"product-type-simple"},"_links":{"self":[{"href":"https:\/\/france-empires.com\/index.php\/wp-json\/wp\/v2\/product\/5025","targetHints":{"allow":["GET"]}}],"collection":[{"href":"https:\/\/france-empires.com\/index.php\/wp-json\/wp\/v2\/product"}],"about":[{"href":"https:\/\/france-empires.com\/index.php\/wp-json\/wp\/v2\/types\/product"}],"wp:featuredmedia":[{"embeddable":true,"href":"https:\/\/france-empires.com\/index.php\/wp-json\/wp\/v2\/media\/5026"}],"wp:attachment":[{"href":"https:\/\/france-empires.com\/index.php\/wp-json\/wp\/v2\/media?parent=5025"}],"wp:term":[{"taxonomy":"product_brand","embeddable":true,"href":"https:\/\/france-empires.com\/index.php\/wp-json\/wp\/v2\/product_brand?post=5025"},{"taxonomy":"product_cat","embeddable":true,"href":"https:\/\/france-empires.com\/index.php\/wp-json\/wp\/v2\/product_cat?post=5025"},{"taxonomy":"product_tag","embeddable":true,"href":"https:\/\/france-empires.com\/index.php\/wp-json\/wp\/v2\/product_tag?post=5025"}],"curies":[{"name":"wp","href":"https:\/\/api.w.org\/{rel}","templated":true}]}}