{"id":5101,"date":"2024-01-30T17:39:39","date_gmt":"2024-01-30T16:39:39","guid":{"rendered":"https:\/\/france-empires.com\/?post_type=product&#038;p=5101"},"modified":"2024-04-30T15:03:46","modified_gmt":"2024-04-30T13:03:46","slug":"allemagne-morion-vers-1600-garde-civique-de-munich","status":"publish","type":"product","link":"https:\/\/france-empires.com\/index.php\/produit\/allemagne-morion-vers-1600-garde-civique-de-munich\/","title":{"rendered":"Allemagne &#8211; Morion vers 1600, Garde Civique de Munich"},"content":{"rendered":"<p>Morion de la garde civique de Munich en fer forg\u00e9 en deux parties, bruni, orn\u00e9 de chaque c\u00f4t\u00e9 d&rsquo;une grande fleur de lis repouss\u00e9e, polie blanc, rosettes en laiton (certaines manquantes), porte-plumet.<br \/>\n\u00c9poque, Allemagne, XVIIe. Bon \u00e9tat, petits accidents, traces de rouille.<\/p>\n","protected":false},"excerpt":{"rendered":"<p>Morion de la garde civique de Munich en fer forg\u00e9 en deux parties, bruni, orn\u00e9 de chaque c\u00f4t\u00e9 d&rsquo;une grande fleur de lis repouss\u00e9e, polie blanc, rosettes en laiton (certaines manquantes), porte-plumet. \u00c9poque, Allemagne, XVIIe. Bon \u00e9tat, petits accidents, traces de rouille.<\/p>\n","protected":false},"featured_media":5102,"template":"","meta":[],"product_brand":[],"product_cat":[28,45,24],"product_tag":[],"class_list":{"0":"post-5101","1":"product","2":"type-product","3":"status-publish","4":"has-post-thumbnail","6":"product_cat-antiquites-et-autres-collections","7":"product_cat-coiffures-casques-kepis-shakos-etc","8":"product_cat-uniformes-et-coiffures","9":"pa_statut-vendu","11":"first","12":"outofstock","13":"product-type-simple"},"_links":{"self":[{"href":"https:\/\/france-empires.com\/index.php\/wp-json\/wp\/v2\/product\/5101","targetHints":{"allow":["GET"]}}],"collection":[{"href":"https:\/\/france-empires.com\/index.php\/wp-json\/wp\/v2\/product"}],"about":[{"href":"https:\/\/france-empires.com\/index.php\/wp-json\/wp\/v2\/types\/product"}],"wp:featuredmedia":[{"embeddable":true,"href":"https:\/\/france-empires.com\/index.php\/wp-json\/wp\/v2\/media\/5102"}],"wp:attachment":[{"href":"https:\/\/france-empires.com\/index.php\/wp-json\/wp\/v2\/media?parent=5101"}],"wp:term":[{"taxonomy":"product_brand","embeddable":true,"href":"https:\/\/france-empires.com\/index.php\/wp-json\/wp\/v2\/product_brand?post=5101"},{"taxonomy":"product_cat","embeddable":true,"href":"https:\/\/france-empires.com\/index.php\/wp-json\/wp\/v2\/product_cat?post=5101"},{"taxonomy":"product_tag","embeddable":true,"href":"https:\/\/france-empires.com\/index.php\/wp-json\/wp\/v2\/product_tag?post=5101"}],"curies":[{"name":"wp","href":"https:\/\/api.w.org\/{rel}","templated":true}]}}