{"id":5118,"date":"2024-01-30T18:53:06","date_gmt":"2024-01-30T17:53:06","guid":{"rendered":"https:\/\/france-empires.com\/?post_type=product&#038;p=5118"},"modified":"2024-01-30T18:53:06","modified_gmt":"2024-01-30T17:53:06","slug":"buste-en-terre-cuite-general-en-chef-joffre","status":"publish","type":"product","link":"https:\/\/france-empires.com\/index.php\/produit\/buste-en-terre-cuite-general-en-chef-joffre\/","title":{"rendered":"Buste en terre cuite, G\u00e9n\u00e9ral en Chef Joffre"},"content":{"rendered":"<p>Joli buste sign\u00e9 A. CORIO du g\u00e9n\u00e9ral Joffre<br \/>\nTerre cuite peinte, hauteur environ 35 cm.<br \/>\nen TBE, quelques petits manques tr\u00e8s discrets. <\/p>\n","protected":false},"excerpt":{"rendered":"<p>Joli buste sign\u00e9 A. CORIO du g\u00e9n\u00e9ral Joffre Terre cuite peinte, hauteur environ 35 cm. en TBE, quelques petits manques tr\u00e8s discrets.<\/p>\n","protected":false},"featured_media":5120,"template":"","meta":[],"product_brand":[],"product_cat":[28],"product_tag":[],"class_list":{"0":"post-5118","1":"product","2":"type-product","3":"status-publish","4":"has-post-thumbnail","6":"product_cat-antiquites-et-autres-collections","7":"pa_statut-disponible","9":"first","10":"instock","11":"taxable","12":"shipping-taxable","13":"purchasable","14":"product-type-simple"},"_links":{"self":[{"href":"https:\/\/france-empires.com\/index.php\/wp-json\/wp\/v2\/product\/5118","targetHints":{"allow":["GET"]}}],"collection":[{"href":"https:\/\/france-empires.com\/index.php\/wp-json\/wp\/v2\/product"}],"about":[{"href":"https:\/\/france-empires.com\/index.php\/wp-json\/wp\/v2\/types\/product"}],"wp:featuredmedia":[{"embeddable":true,"href":"https:\/\/france-empires.com\/index.php\/wp-json\/wp\/v2\/media\/5120"}],"wp:attachment":[{"href":"https:\/\/france-empires.com\/index.php\/wp-json\/wp\/v2\/media?parent=5118"}],"wp:term":[{"taxonomy":"product_brand","embeddable":true,"href":"https:\/\/france-empires.com\/index.php\/wp-json\/wp\/v2\/product_brand?post=5118"},{"taxonomy":"product_cat","embeddable":true,"href":"https:\/\/france-empires.com\/index.php\/wp-json\/wp\/v2\/product_cat?post=5118"},{"taxonomy":"product_tag","embeddable":true,"href":"https:\/\/france-empires.com\/index.php\/wp-json\/wp\/v2\/product_tag?post=5118"}],"curies":[{"name":"wp","href":"https:\/\/api.w.org\/{rel}","templated":true}]}}