{"id":5158,"date":"2024-02-04T19:00:28","date_gmt":"2024-02-04T18:00:28","guid":{"rendered":"https:\/\/france-empires.com\/?post_type=product&#038;p=5158"},"modified":"2024-02-19T22:22:46","modified_gmt":"2024-02-19T21:22:46","slug":"medaille-ambulance-bretonne","status":"publish","type":"product","link":"https:\/\/france-empires.com\/index.php\/produit\/medaille-ambulance-bretonne\/","title":{"rendered":"M\u00e9daille Ambulance Bretonne"},"content":{"rendered":"<p>1870-1871 &#8211; Ambulance bretonne 1870-1871, insigne d&rsquo;officier en m\u00e9tal dor\u00e9 et \u00e9maill\u00e9 , avec ruban a rosette.<\/p>\n<p>38,7 x 43,7 mm<\/p>\n<p>France, fin du XIXe si\u00e8cle.<\/p>\n<p>TB \u00e0 TTB<\/p>\n","protected":false},"excerpt":{"rendered":"<p>1870-1871 &#8211; Ambulance bretonne 1870-1871, insigne d&rsquo;officier en m\u00e9tal dor\u00e9 et \u00e9maill\u00e9 , avec ruban a rosette. 38,7 x 43,7 mm France, fin du XIXe si\u00e8cle. TB \u00e0 TTB<\/p>\n","protected":false},"featured_media":5145,"template":"","meta":[],"product_brand":[],"product_cat":[41,23,42],"product_tag":[],"class_list":{"0":"post-5158","1":"product","2":"type-product","3":"status-publish","4":"has-post-thumbnail","6":"product_cat-civiles","7":"product_cat-medailles-et-decorations","8":"product_cat-militaires","9":"pa_statut-vendu","11":"first","12":"outofstock","13":"product-type-simple"},"_links":{"self":[{"href":"https:\/\/france-empires.com\/index.php\/wp-json\/wp\/v2\/product\/5158","targetHints":{"allow":["GET"]}}],"collection":[{"href":"https:\/\/france-empires.com\/index.php\/wp-json\/wp\/v2\/product"}],"about":[{"href":"https:\/\/france-empires.com\/index.php\/wp-json\/wp\/v2\/types\/product"}],"wp:featuredmedia":[{"embeddable":true,"href":"https:\/\/france-empires.com\/index.php\/wp-json\/wp\/v2\/media\/5145"}],"wp:attachment":[{"href":"https:\/\/france-empires.com\/index.php\/wp-json\/wp\/v2\/media?parent=5158"}],"wp:term":[{"taxonomy":"product_brand","embeddable":true,"href":"https:\/\/france-empires.com\/index.php\/wp-json\/wp\/v2\/product_brand?post=5158"},{"taxonomy":"product_cat","embeddable":true,"href":"https:\/\/france-empires.com\/index.php\/wp-json\/wp\/v2\/product_cat?post=5158"},{"taxonomy":"product_tag","embeddable":true,"href":"https:\/\/france-empires.com\/index.php\/wp-json\/wp\/v2\/product_tag?post=5158"}],"curies":[{"name":"wp","href":"https:\/\/api.w.org\/{rel}","templated":true}]}}