{"id":5321,"date":"2024-05-06T17:38:53","date_gmt":"2024-05-06T15:38:53","guid":{"rendered":"https:\/\/france-empires.com\/?post_type=product&#038;p=5321"},"modified":"2024-05-06T17:38:53","modified_gmt":"2024-05-06T15:38:53","slug":"casque-de-trompette-de-chasseurs-a-cheval-modele-1913","status":"publish","type":"product","link":"https:\/\/france-empires.com\/index.php\/produit\/casque-de-trompette-de-chasseurs-a-cheval-modele-1913\/","title":{"rendered":"Casque de trompette de chasseurs a cheval, mod\u00e8le 1913"},"content":{"rendered":"<p>CASQUE DE TROMPETTE DE CHASSEURS A CHEVAL : Mod\u00e8le 1913 \u2013 Troupe. Bombe en m\u00e9tal poli blanc. Cimier, bandeau, porte-plumet, jugulaires, joncs et rivets en laiton. Bandeau laiton avec cor de chasse argent\u00e9 rapport\u00e9 sur fond rayonnant. Cimier aux ailerons \u00e0 13 godrons, masque \u00e0 t\u00eate de m\u00e9duse et palmette en base. La plaque de recouvrement est grav\u00e9e de la chevelure de la m\u00e9duse et de deux serpents entrelac\u00e9s. Crini\u00e8re rouge en crin de cheval. Jugulaires \u00e0 rosace et \u00e0 13 \u00e9cailles du mod\u00e8le avec boucle et sanglon. Coiffe en cuir \u00e0 dents de loup. 3\u00e8me R\u00e9publique.<\/p>\n<p>Ce casque est rare : le 22 avril 1914, le minist\u00e8re de la guerre dispose de 3.800 casques de chasseurs et de 1.880 casques de hussards.<\/p>\n","protected":false},"excerpt":{"rendered":"<p>CASQUE DE TROMPETTE DE CHASSEURS A CHEVAL : Mod\u00e8le 1913 \u2013 Troupe. Bombe en m\u00e9tal poli blanc. Cimier, bandeau, porte-plumet, jugulaires, joncs et rivets en laiton. Bandeau laiton avec cor de chasse argent\u00e9 rapport\u00e9 sur fond rayonnant. Cimier aux ailerons \u00e0 13 godrons, masque \u00e0 t\u00eate de m\u00e9duse et palmette en&hellip;<\/p>\n","protected":false},"featured_media":5323,"template":"","meta":[],"product_brand":[],"product_cat":[45,24],"product_tag":[],"class_list":{"0":"post-5321","1":"product","2":"type-product","3":"status-publish","4":"has-post-thumbnail","6":"product_cat-coiffures-casques-kepis-shakos-etc","7":"product_cat-uniformes-et-coiffures","8":"pa_statut-disponible","10":"first","11":"instock","12":"purchasable","13":"product-type-simple"},"_links":{"self":[{"href":"https:\/\/france-empires.com\/index.php\/wp-json\/wp\/v2\/product\/5321","targetHints":{"allow":["GET"]}}],"collection":[{"href":"https:\/\/france-empires.com\/index.php\/wp-json\/wp\/v2\/product"}],"about":[{"href":"https:\/\/france-empires.com\/index.php\/wp-json\/wp\/v2\/types\/product"}],"wp:featuredmedia":[{"embeddable":true,"href":"https:\/\/france-empires.com\/index.php\/wp-json\/wp\/v2\/media\/5323"}],"wp:attachment":[{"href":"https:\/\/france-empires.com\/index.php\/wp-json\/wp\/v2\/media?parent=5321"}],"wp:term":[{"taxonomy":"product_brand","embeddable":true,"href":"https:\/\/france-empires.com\/index.php\/wp-json\/wp\/v2\/product_brand?post=5321"},{"taxonomy":"product_cat","embeddable":true,"href":"https:\/\/france-empires.com\/index.php\/wp-json\/wp\/v2\/product_cat?post=5321"},{"taxonomy":"product_tag","embeddable":true,"href":"https:\/\/france-empires.com\/index.php\/wp-json\/wp\/v2\/product_tag?post=5321"}],"curies":[{"name":"wp","href":"https:\/\/api.w.org\/{rel}","templated":true}]}}