{"id":5352,"date":"2024-05-06T18:40:52","date_gmt":"2024-05-06T16:40:52","guid":{"rendered":"https:\/\/france-empires.com\/?post_type=product&#038;p=5352"},"modified":"2024-07-25T11:33:22","modified_gmt":"2024-07-25T09:33:22","slug":"chevalier-de-la-legion-dhonneur-second-empire","status":"publish","type":"product","link":"https:\/\/france-empires.com\/index.php\/produit\/chevalier-de-la-legion-dhonneur-second-empire\/","title":{"rendered":"Chevalier de la L\u00e9gion d&rsquo;Honneur, Second Empire"},"content":{"rendered":"<p>\u00c9toile en argent et \u00e9mail \u00e0 cinq branches, \u00e9maill\u00e9es blanc. Centres en or repr\u00e9sentant a l&rsquo;avers Napol\u00e9on Ier avec l&rsquo;inscription en lettres d&rsquo;or \u00ab NAPOL\u00c9ON EMPEREUR DES FRAN\u00c7AIS \u00bb, et au revers l&rsquo;aigle imp\u00e9riale portant l&rsquo;inscription \u00ab HONNEUR ET PATRIE \u00bb.<br \/>\nB\u00e9li\u00e8re en forme de couronne d\u00e9cor\u00e9e d&rsquo;aigles, surmont\u00e9e d&rsquo;une croix. Bon ruban.<br \/>\ntaille ordonnance.<\/p>\n<p>Bon \u00e9tat, une pointe l\u00e9g\u00e8rement fauss\u00e9e. Petit \u00e9clat d&#8217;email bleu au revers.<\/p>\n","protected":false},"excerpt":{"rendered":"<p>\u00c9toile en argent et \u00e9mail \u00e0 cinq branches, \u00e9maill\u00e9es blanc. Centres en or repr\u00e9sentant a l&rsquo;avers Napol\u00e9on Ier avec l&rsquo;inscription en lettres d&rsquo;or \u00ab NAPOL\u00c9ON EMPEREUR DES FRAN\u00c7AIS \u00bb, et au revers l&rsquo;aigle imp\u00e9riale portant l&rsquo;inscription \u00ab HONNEUR ET PATRIE \u00bb. B\u00e9li\u00e8re en forme de couronne d\u00e9cor\u00e9e d&rsquo;aigles, surmont\u00e9e d&rsquo;une croix.&hellip;<\/p>\n","protected":false},"featured_media":5353,"template":"","meta":[],"product_brand":[],"product_cat":[41,23,42],"product_tag":[],"class_list":{"0":"post-5352","1":"product","2":"type-product","3":"status-publish","4":"has-post-thumbnail","6":"product_cat-civiles","7":"product_cat-medailles-et-decorations","8":"product_cat-militaires","9":"pa_statut-vendu","11":"first","12":"outofstock","13":"product-type-simple"},"_links":{"self":[{"href":"https:\/\/france-empires.com\/index.php\/wp-json\/wp\/v2\/product\/5352","targetHints":{"allow":["GET"]}}],"collection":[{"href":"https:\/\/france-empires.com\/index.php\/wp-json\/wp\/v2\/product"}],"about":[{"href":"https:\/\/france-empires.com\/index.php\/wp-json\/wp\/v2\/types\/product"}],"wp:featuredmedia":[{"embeddable":true,"href":"https:\/\/france-empires.com\/index.php\/wp-json\/wp\/v2\/media\/5353"}],"wp:attachment":[{"href":"https:\/\/france-empires.com\/index.php\/wp-json\/wp\/v2\/media?parent=5352"}],"wp:term":[{"taxonomy":"product_brand","embeddable":true,"href":"https:\/\/france-empires.com\/index.php\/wp-json\/wp\/v2\/product_brand?post=5352"},{"taxonomy":"product_cat","embeddable":true,"href":"https:\/\/france-empires.com\/index.php\/wp-json\/wp\/v2\/product_cat?post=5352"},{"taxonomy":"product_tag","embeddable":true,"href":"https:\/\/france-empires.com\/index.php\/wp-json\/wp\/v2\/product_tag?post=5352"}],"curies":[{"name":"wp","href":"https:\/\/api.w.org\/{rel}","templated":true}]}}