{"id":5410,"date":"2024-06-07T22:35:53","date_gmt":"2024-06-07T20:35:53","guid":{"rendered":"https:\/\/france-empires.com\/?post_type=product&#038;p=5410"},"modified":"2024-07-25T11:36:38","modified_gmt":"2024-07-25T09:36:38","slug":"lot-dun-aviateur-officier-epoque-ww2-indo","status":"publish","type":"product","link":"https:\/\/france-empires.com\/index.php\/produit\/lot-dun-aviateur-officier-epoque-ww2-indo\/","title":{"rendered":"Lot d&rsquo;un aviateur officier \u00e9poque ww2\/indo"},"content":{"rendered":"<p>Lot de m\u00eame provenance d&rsquo;un sous-officier m\u00e9canicien ayant termin\u00e9 sa carri\u00e8re capitaine.<br \/>\nBA108, GLA50<\/p>\n<p>Belle barrette de 9 m\u00e9dailles pour l&rsquo;essentiel en TBE (voir ci-dessous). Les centres de la L\u00e9gion d&rsquo;Honneur sont pr\u00e9sents mais d\u00e9coll\u00e9s<br \/>\nCeux<br \/>\n&#8211; chevalier de la L\u00e9gion d&rsquo;Honneur<br \/>\n&#8211; m\u00e9daille militaire (sauts d&#8217;email au bleu du revers)<br \/>\n&#8211; croix de guerre 1 \u00e9toile<br \/>\n&#8211; TOE 2 \u00e9toiles<br \/>\n&#8211; croix du combattant<br \/>\n&#8211; m\u00e9daille coloniale agrafe Madagascar<br \/>\n&#8211; m\u00e9daille comm\u00e9morative 1939-1945 agrafes France, Italie, Lib\u00e9ration et Allemagne<br \/>\n&#8211; ordre Royal de l&rsquo;Etoile d&rsquo;Anjouan (Comores)<br \/>\n&#8211; ordre de l&rsquo;Etoile de Comore (Comores, centres absents, sauts d&#8217;email aux pointes)<\/p>\n<p>Rappel de m\u00e9dailles<\/p>\n<p>Pattes d&rsquo;\u00e9paules de capitaine m\u00e9canicien de l&rsquo;Arm\u00e9e de l&rsquo;Air<\/p>\n<p>2 Photos d\u00e9dicac\u00e9es d\u00e9cembre 1939<\/p>\n<p>Carnets de vol pour 1948 et 1949<\/p>\n<p>Nombreux documents dont citations:<br \/>\n&#8211; certificat d&rsquo;aptitude aux fonctions de tireur en avion 21 juin 1939<br \/>\n&#8211; Groupe de Bombardement n9 : Citation a l&rsquo;ordre de l&rsquo;Arm\u00e9e Mekn\u00e8s Juillet 1940<br \/>\n&#8211; citation Croix de Guerre avec \u00e9toile de vermeil 30 oct 1939<br \/>\n&#8211; citation ordre de l&rsquo;Arm\u00e9e 31e escadre de Bombardement 1946<br \/>\n&#8211; carte de membre MM<br \/>\n&#8211; relev\u00e9s individuels de services a\u00e9riens (1944 sur B26! , 45, 46, 48, 50, 51, 52, 53,  59<br \/>\n&#8211; Arr\u00eat\u00e9 des bonifications<\/p>\n","protected":false},"excerpt":{"rendered":"<p>Lot de m\u00eame provenance d&rsquo;un sous-officier m\u00e9canicien ayant termin\u00e9 sa carri\u00e8re capitaine. BA108, GLA50 Belle barrette de 9 m\u00e9dailles pour l&rsquo;essentiel en TBE (voir ci-dessous). Les centres de la L\u00e9gion d&rsquo;Honneur sont pr\u00e9sents mais d\u00e9coll\u00e9s Ceux &#8211; chevalier de la L\u00e9gion d&rsquo;Honneur &#8211; m\u00e9daille militaire (sauts d&#8217;email au bleu du revers)&hellip;<\/p>\n","protected":false},"featured_media":5420,"template":"","meta":[],"product_brand":[],"product_cat":[50,26,23,42],"product_tag":[],"class_list":{"0":"post-5410","1":"product","2":"type-product","3":"status-publish","4":"has-post-thumbnail","6":"product_cat-autres-accessoires-et-pieces-detachees-duniformes","7":"product_cat-librairie-documents-et-photos","8":"product_cat-medailles-et-decorations","9":"product_cat-militaires","10":"pa_statut-vendu","12":"first","13":"outofstock","14":"product-type-simple"},"_links":{"self":[{"href":"https:\/\/france-empires.com\/index.php\/wp-json\/wp\/v2\/product\/5410","targetHints":{"allow":["GET"]}}],"collection":[{"href":"https:\/\/france-empires.com\/index.php\/wp-json\/wp\/v2\/product"}],"about":[{"href":"https:\/\/france-empires.com\/index.php\/wp-json\/wp\/v2\/types\/product"}],"wp:featuredmedia":[{"embeddable":true,"href":"https:\/\/france-empires.com\/index.php\/wp-json\/wp\/v2\/media\/5420"}],"wp:attachment":[{"href":"https:\/\/france-empires.com\/index.php\/wp-json\/wp\/v2\/media?parent=5410"}],"wp:term":[{"taxonomy":"product_brand","embeddable":true,"href":"https:\/\/france-empires.com\/index.php\/wp-json\/wp\/v2\/product_brand?post=5410"},{"taxonomy":"product_cat","embeddable":true,"href":"https:\/\/france-empires.com\/index.php\/wp-json\/wp\/v2\/product_cat?post=5410"},{"taxonomy":"product_tag","embeddable":true,"href":"https:\/\/france-empires.com\/index.php\/wp-json\/wp\/v2\/product_tag?post=5410"}],"curies":[{"name":"wp","href":"https:\/\/api.w.org\/{rel}","templated":true}]}}