{"id":7168,"date":"2026-03-24T20:37:48","date_gmt":"2026-03-24T19:37:48","guid":{"rendered":"https:\/\/france-empires.com\/?post_type=product&#038;p=7168"},"modified":"2026-03-24T20:38:29","modified_gmt":"2026-03-24T19:38:29","slug":"grande-photo-du-general-pelle-second-empire","status":"publish","type":"product","link":"https:\/\/france-empires.com\/index.php\/produit\/grande-photo-du-general-pelle-second-empire\/","title":{"rendered":"Grande photo du G\u00e9n\u00e9ral Pell\u00e9, Second Empire"},"content":{"rendered":"<p>Grande photo albumin\u00e9e encadr\u00e9e d&rsquo;\u00e9poque. D\u00e9dicac\u00e9e! Environ 50cm de haut.<br \/>\nLe verre est cass\u00e9 et devrait \u00eatre remplac\u00e9.<br \/>\nNous disposons \u00e9galement de son portrait en format CDV. Nous consulter.<\/p>\n<p>Jean Pell\u00e9, n\u00e9 le 15 mai 1812 \u00e0 Le Pout (Gironde) et mort le 29 juillet 1883 \u00e0 \u00c9vreux (Eure), est un g\u00e9n\u00e9ral de division fran\u00e7ais, grand officier de la L\u00e9gion d&rsquo;honneur.<\/p>\n<p>Il fait l&rsquo;essentiel de sa carri\u00e8re troupe en Alg\u00e9rie. Pendant la campagne guerre franco-allemande de 1870, il commande la 2e brigade de la 2e Division d&rsquo;Infanterie du 1er corps d&rsquo;arm\u00e9e. Il remplace pendant la bataille de Wissembourg (4 ao\u00fbt 1870) le g\u00e9n\u00e9ral Abel Douay mortellement bless\u00e9 ; il sera lui-m\u00eame gri\u00e8vement bless\u00e9 lors de l&rsquo;affaire de Ch\u00e2tillon le 4 avril 1871.<\/p>\n","protected":false},"excerpt":{"rendered":"<p>Grande photo albumin\u00e9e encadr\u00e9e d&rsquo;\u00e9poque. D\u00e9dicac\u00e9e! Environ 50cm de haut. Le verre est cass\u00e9 et devrait \u00eatre remplac\u00e9. Nous disposons \u00e9galement de son portrait en format CDV. Nous consulter. Jean Pell\u00e9, n\u00e9 le 15 mai 1812 \u00e0 Le Pout (Gironde) et mort le 29 juillet 1883 \u00e0 \u00c9vreux (Eure), est un&hellip;<\/p>\n","protected":false},"featured_media":7169,"template":"","meta":[],"product_brand":[],"product_cat":[26,145],"product_tag":[],"class_list":{"0":"post-7168","1":"product","2":"type-product","3":"status-publish","4":"has-post-thumbnail","6":"product_cat-librairie-documents-et-photos","7":"product_cat-nouveautes","9":"first","10":"instock","11":"purchasable","12":"product-type-simple"},"_links":{"self":[{"href":"https:\/\/france-empires.com\/index.php\/wp-json\/wp\/v2\/product\/7168","targetHints":{"allow":["GET"]}}],"collection":[{"href":"https:\/\/france-empires.com\/index.php\/wp-json\/wp\/v2\/product"}],"about":[{"href":"https:\/\/france-empires.com\/index.php\/wp-json\/wp\/v2\/types\/product"}],"wp:featuredmedia":[{"embeddable":true,"href":"https:\/\/france-empires.com\/index.php\/wp-json\/wp\/v2\/media\/7169"}],"wp:attachment":[{"href":"https:\/\/france-empires.com\/index.php\/wp-json\/wp\/v2\/media?parent=7168"}],"wp:term":[{"taxonomy":"product_brand","embeddable":true,"href":"https:\/\/france-empires.com\/index.php\/wp-json\/wp\/v2\/product_brand?post=7168"},{"taxonomy":"product_cat","embeddable":true,"href":"https:\/\/france-empires.com\/index.php\/wp-json\/wp\/v2\/product_cat?post=7168"},{"taxonomy":"product_tag","embeddable":true,"href":"https:\/\/france-empires.com\/index.php\/wp-json\/wp\/v2\/product_tag?post=7168"}],"curies":[{"name":"wp","href":"https:\/\/api.w.org\/{rel}","templated":true}]}}