{"id":7178,"date":"2026-03-24T20:53:30","date_gmt":"2026-03-24T19:53:30","guid":{"rendered":"https:\/\/france-empires.com\/?post_type=product&#038;p=7178"},"modified":"2026-03-24T20:53:30","modified_gmt":"2026-03-24T19:53:30","slug":"portefeuille-ecritoire-du-marechal-de-camp-fantin-des-odoards-restauration","status":"publish","type":"product","link":"https:\/\/france-empires.com\/index.php\/produit\/portefeuille-ecritoire-du-marechal-de-camp-fantin-des-odoards-restauration\/","title":{"rendered":"PORTEFEUILLE \u00c9CRITOIRE DU MAR\u00c9CHAL DE CAMP FANTIN DES ODOARDS, Restauration."},"content":{"rendered":"<p>Cet objet a initialement \u00e9t\u00e9 vendu par Bertrand Malvaux, dont je reproduis la fiche ici :<\/p>\n<p>Maroquin cir\u00e9 noir \u00e0 garnitures en m\u00e9tal argent\u00e9, marqu\u00e9 sur le plat avant \u00ab FANTIN DES ODOARDS MAR\u00c9CHAL DE CAMP \u00bb. Largeur 43 cm, longueur 35 cm. \u00c0 soufflets, doubl\u00e9 de toile bleu de roi. Fermeture par serrure.<\/p>\n<p>France.<br \/>\nRestauration.<br \/>\nAssez bon \u00e9tat, manque la cl\u00e9, coutures lat\u00e9rales d\u00e9cousues, \u00e9caillures sur le plat avant.<\/p>\n<p>NOTE :<br \/>\nLa d\u00e9nomination de mar\u00e9chal de camp est utilis\u00e9e \u00e0 la place de g\u00e9n\u00e9ral de brigade sous la Restauration et la Monarchie de Juillet, tout comme le grade de lieutenant-g\u00e9n\u00e9ral remplace celui de g\u00e9n\u00e9ral de division. Cette d\u00e9nomination dispara\u00eet d\u00e9finitivement en 1848.<\/p>\n<p>BIOGRAPHIE<br \/>\nLouis-Florimond Fantin des Odoards est un militaire et m\u00e9morialiste fran\u00e7ais n\u00e9 le 23 d\u00e9cembre 1778 \u00e0 Embrun et mort le 18 mai 1866 \u00e0 Paris.<br \/>\nIl est le fils d\u2019\u00c9tienne Florimond Fantin des Odoards, \u00ab\u00a0avocat lieutenant des juridictions archi\u00e9piscopales de l\u2019Embrunais subd\u00e9l\u00e9gu\u00e9 par l\u2019intendant au d\u00e9partement d\u2019Embrun\u00a0\u00bb (1778), et d&rsquo;H\u00e9l\u00e8ne Gerbier.<br \/>\nIl est le neveu d&rsquo;Antoine \u00c9tienne Fantin-Desodoards.<br \/>\nIl a laiss\u00e9 le r\u00e9cit de ses campagnes, dont a \u00e9t\u00e9 tir\u00e9 le Journal du g\u00e9n\u00e9ral Fantin des Odoards, \u00e9tapes d&rsquo;un officier de la Grande Arm\u00e9e,1800-1830, publi\u00e9 chez Plon en mars 1895.<br \/>\nEntr\u00e9 au service en 1798, comme sous-lieutenant dans la l\u00e9gion vaudoise, il prit part aux campagnes d\u2019Italie, de Prusse, de Pologne, fut mis \u00e0 l\u2019ordre du jour de l\u2019arm\u00e9e pour sa brillante conduite \u00e0 Friedland, puis \u00e0 la prise de Porto, en Portugal, il fit de 1810 \u00e0 1811 la guerre d\u2019Espagne et, ensuite la campagne de Russie ; au retour de sa captivit\u00e9 dans les prisons de l\u2019Autriche, il fit comme colonel la campagne de France, il se battit pendant les Cent-Jours \u00e0 Fleurus et \u00e0 Wavre ; licenci\u00e9 au retour des Bourbons, il reprit du service en 1819.<br \/>\nPendant la guerre d&rsquo;Espagne (1823), il se conduisit brillamment au combat de Molins del Rey et fut nomm\u00e9 mar\u00e9chal de camp et gouverneur de Tarragone. Il fut charg\u00e9, sous Louis-Philippe, de diff\u00e9rents commandements \u00e0 l&rsquo;Int\u00e9rieur.<br \/>\nIl \u00e9tait capitaine \u00e0 27 ans, colonel \u00e0 35 et g\u00e9n\u00e9ral \u00e0 45.<br \/>\nChevalier de St Louis, Grand croix de l\u2019ordre militaire de St Ferdinand d\u2019Espagne, commandeur de la L\u00e9gion d\u2019honneur.<br \/>\nSa tombe est visible au cimeti\u00e8re de Taverny.<\/p>\n","protected":false},"excerpt":{"rendered":"<p>Cet objet a initialement \u00e9t\u00e9 vendu par Bertrand Malvaux, dont je reproduis la fiche ici : Maroquin cir\u00e9 noir \u00e0 garnitures en m\u00e9tal argent\u00e9, marqu\u00e9 sur le plat avant \u00ab FANTIN DES ODOARDS MAR\u00c9CHAL DE CAMP \u00bb. Largeur 43 cm, longueur 35 cm. \u00c0 soufflets, doubl\u00e9 de toile bleu de roi.&hellip;<\/p>\n","protected":false},"featured_media":7184,"template":"","meta":[],"product_brand":[],"product_cat":[28,53,145],"product_tag":[],"class_list":{"0":"post-7178","1":"product","2":"type-product","3":"status-publish","4":"has-post-thumbnail","6":"product_cat-antiquites-et-autres-collections","7":"product_cat-autres-equipements-individuels-et-collectifs","8":"product_cat-nouveautes","10":"first","11":"instock","12":"purchasable","13":"product-type-simple"},"_links":{"self":[{"href":"https:\/\/france-empires.com\/index.php\/wp-json\/wp\/v2\/product\/7178","targetHints":{"allow":["GET"]}}],"collection":[{"href":"https:\/\/france-empires.com\/index.php\/wp-json\/wp\/v2\/product"}],"about":[{"href":"https:\/\/france-empires.com\/index.php\/wp-json\/wp\/v2\/types\/product"}],"wp:featuredmedia":[{"embeddable":true,"href":"https:\/\/france-empires.com\/index.php\/wp-json\/wp\/v2\/media\/7184"}],"wp:attachment":[{"href":"https:\/\/france-empires.com\/index.php\/wp-json\/wp\/v2\/media?parent=7178"}],"wp:term":[{"taxonomy":"product_brand","embeddable":true,"href":"https:\/\/france-empires.com\/index.php\/wp-json\/wp\/v2\/product_brand?post=7178"},{"taxonomy":"product_cat","embeddable":true,"href":"https:\/\/france-empires.com\/index.php\/wp-json\/wp\/v2\/product_cat?post=7178"},{"taxonomy":"product_tag","embeddable":true,"href":"https:\/\/france-empires.com\/index.php\/wp-json\/wp\/v2\/product_tag?post=7178"}],"curies":[{"name":"wp","href":"https:\/\/api.w.org\/{rel}","templated":true}]}}