{"id":7185,"date":"2026-03-24T21:07:00","date_gmt":"2026-03-24T20:07:00","guid":{"rendered":"https:\/\/france-empires.com\/?post_type=product&#038;p=7185"},"modified":"2026-03-24T21:07:00","modified_gmt":"2026-03-24T20:07:00","slug":"photo-de-paul-pau-general-de-division-en-1918","status":"publish","type":"product","link":"https:\/\/france-empires.com\/index.php\/produit\/photo-de-paul-pau-general-de-division-en-1918\/","title":{"rendered":"Photo de Paul PAU, G\u00e9n\u00e9ral de Division en 1918"},"content":{"rendered":"<p>Belle photo format A5 environ.<br \/>\nPrise \u00e0 Sydney et adress\u00e9e au Consul de France \u00e0 Melbourne<\/p>\n<p>https:\/\/fr.wikipedia.org\/wiki\/Paul_Pau<\/p>\n","protected":false},"excerpt":{"rendered":"<p>Belle photo format A5 environ. Prise \u00e0 Sydney et adress\u00e9e au Consul de France \u00e0 Melbourne https:\/\/fr.wikipedia.org\/wiki\/Paul_Pau<\/p>\n","protected":false},"featured_media":7188,"template":"","meta":[],"product_brand":[],"product_cat":[26,145],"product_tag":[],"class_list":{"0":"post-7185","1":"product","2":"type-product","3":"status-publish","4":"has-post-thumbnail","6":"product_cat-librairie-documents-et-photos","7":"product_cat-nouveautes","9":"first","10":"instock","11":"purchasable","12":"product-type-simple"},"_links":{"self":[{"href":"https:\/\/france-empires.com\/index.php\/wp-json\/wp\/v2\/product\/7185","targetHints":{"allow":["GET"]}}],"collection":[{"href":"https:\/\/france-empires.com\/index.php\/wp-json\/wp\/v2\/product"}],"about":[{"href":"https:\/\/france-empires.com\/index.php\/wp-json\/wp\/v2\/types\/product"}],"wp:featuredmedia":[{"embeddable":true,"href":"https:\/\/france-empires.com\/index.php\/wp-json\/wp\/v2\/media\/7188"}],"wp:attachment":[{"href":"https:\/\/france-empires.com\/index.php\/wp-json\/wp\/v2\/media?parent=7185"}],"wp:term":[{"taxonomy":"product_brand","embeddable":true,"href":"https:\/\/france-empires.com\/index.php\/wp-json\/wp\/v2\/product_brand?post=7185"},{"taxonomy":"product_cat","embeddable":true,"href":"https:\/\/france-empires.com\/index.php\/wp-json\/wp\/v2\/product_cat?post=7185"},{"taxonomy":"product_tag","embeddable":true,"href":"https:\/\/france-empires.com\/index.php\/wp-json\/wp\/v2\/product_tag?post=7185"}],"curies":[{"name":"wp","href":"https:\/\/api.w.org\/{rel}","templated":true}]}}