{"id":7189,"date":"2026-03-24T21:29:26","date_gmt":"2026-03-24T20:29:26","guid":{"rendered":"https:\/\/france-empires.com\/?post_type=product&#038;p=7189"},"modified":"2026-03-24T21:29:26","modified_gmt":"2026-03-24T20:29:26","slug":"ensemble-de-factures-pour-le-service-du-duc-de-bordeaux","status":"publish","type":"product","link":"https:\/\/france-empires.com\/index.php\/produit\/ensemble-de-factures-pour-le-service-du-duc-de-bordeaux\/","title":{"rendered":"Ensemble de factures pour le service du Duc de Bordeaux"},"content":{"rendered":"<p>Au nom de la Marquise de Crillon, Vicomtesse de Gonteau, gouvernante de la Duchesse de Berry.<\/p>\n<p>Bel et rare ensemble de facture vari\u00e9es.<\/p>\n<p>Henri d&rsquo;Artois (1820-1883) dit aussi Henri d&rsquo;Angoul\u00eame, duc d&rsquo;Angoul\u00eame, duc de Bordeaux et comte de Chambord est le fils posthume du duc de Berry. Il est l&rsquo;enfant du miracle. Petit-fils de Charles X, le roi abdique en sa faveur en 1830, mais le dernier dauphin de France ne r\u00e8gne jamais, il demeure cependant le pr\u00e9tendant au tr\u00f4ne sous le titre d&rsquo;Henri V.<\/p>\n<p>En 1830, il s&rsquo;exile avec la famille royale en Angleterre et prend le titre de comte de Chambord. <\/p>\n<p>\u00c0 la chute du Second empire, Henri d&rsquo;Artois revient en France et tente de rallier les monarchistes, il re\u00e7oit l&rsquo;all\u00e9geance du comte de Paris mais son intransigeance, notamment vis \u00e0 vis du drapeau tricolore, disloque le camp des monarchistes. <\/p>\n<p>Quand le duc de Bordeaux meurt, la branche a\u00een\u00e9e des Bourbons s&rsquo;\u00e9teint.<\/p>\n<p>https:\/\/fr.wikipedia.org\/wiki\/Henri_d%27Artois<\/p>\n","protected":false},"excerpt":{"rendered":"<p>Au nom de la Marquise de Crillon, Vicomtesse de Gonteau, gouvernante de la Duchesse de Berry. Bel et rare ensemble de facture vari\u00e9es. Henri d&rsquo;Artois (1820-1883) dit aussi Henri d&rsquo;Angoul\u00eame, duc d&rsquo;Angoul\u00eame, duc de Bordeaux et comte de Chambord est le fils posthume du duc de Berry. Il est l&rsquo;enfant du&hellip;<\/p>\n","protected":false},"featured_media":7195,"template":"","meta":[],"product_brand":[],"product_cat":[26,145],"product_tag":[],"class_list":{"0":"post-7189","1":"product","2":"type-product","3":"status-publish","4":"has-post-thumbnail","6":"product_cat-librairie-documents-et-photos","7":"product_cat-nouveautes","9":"first","10":"instock","11":"taxable","12":"shipping-taxable","13":"purchasable","14":"product-type-simple"},"_links":{"self":[{"href":"https:\/\/france-empires.com\/index.php\/wp-json\/wp\/v2\/product\/7189","targetHints":{"allow":["GET"]}}],"collection":[{"href":"https:\/\/france-empires.com\/index.php\/wp-json\/wp\/v2\/product"}],"about":[{"href":"https:\/\/france-empires.com\/index.php\/wp-json\/wp\/v2\/types\/product"}],"wp:featuredmedia":[{"embeddable":true,"href":"https:\/\/france-empires.com\/index.php\/wp-json\/wp\/v2\/media\/7195"}],"wp:attachment":[{"href":"https:\/\/france-empires.com\/index.php\/wp-json\/wp\/v2\/media?parent=7189"}],"wp:term":[{"taxonomy":"product_brand","embeddable":true,"href":"https:\/\/france-empires.com\/index.php\/wp-json\/wp\/v2\/product_brand?post=7189"},{"taxonomy":"product_cat","embeddable":true,"href":"https:\/\/france-empires.com\/index.php\/wp-json\/wp\/v2\/product_cat?post=7189"},{"taxonomy":"product_tag","embeddable":true,"href":"https:\/\/france-empires.com\/index.php\/wp-json\/wp\/v2\/product_tag?post=7189"}],"curies":[{"name":"wp","href":"https:\/\/api.w.org\/{rel}","templated":true}]}}