{"id":7205,"date":"2026-03-24T21:46:14","date_gmt":"2026-03-24T20:46:14","guid":{"rendered":"https:\/\/france-empires.com\/?post_type=product&#038;p=7205"},"modified":"2026-03-24T21:46:14","modified_gmt":"2026-03-24T20:46:14","slug":"ensemble-de-29-planches-uniformologiques-dapres-hoffmann","status":"publish","type":"product","link":"https:\/\/france-empires.com\/index.php\/produit\/ensemble-de-29-planches-uniformologiques-dapres-hoffmann\/","title":{"rendered":"Ensemble de 29 planches uniformologiques d&rsquo;apr\u00e8s Hoffmann"},"content":{"rendered":"<p>Ensemble de 29 planches r\u00e9hauss\u00e9es, de divers r\u00e9giments fran\u00e7ais et \u00e9trangers.<br \/>\nBelle qualit\u00e9 d&rsquo;ex\u00e9cution.<\/p>\n<p>De nationalit\u00e9 allemande, le graveur et miniaturiste Hoffmann fut envoy\u00e9 \u00e0 Paris par la principaut\u00e9 de Hesse &#8211; Darmstadt, entre 1775 et 1808. Il devait y dessiner et graver des suites de planches sur les uniformes militaires fran\u00e7ais. <\/p>\n","protected":false},"excerpt":{"rendered":"<p>Ensemble de 29 planches r\u00e9hauss\u00e9es, de divers r\u00e9giments fran\u00e7ais et \u00e9trangers. Belle qualit\u00e9 d&rsquo;ex\u00e9cution. De nationalit\u00e9 allemande, le graveur et miniaturiste Hoffmann fut envoy\u00e9 \u00e0 Paris par la principaut\u00e9 de Hesse &#8211; Darmstadt, entre 1775 et 1808. Il devait y dessiner et graver des suites de planches sur les uniformes militaires&hellip;<\/p>\n","protected":false},"featured_media":7206,"template":"","meta":[],"product_brand":[],"product_cat":[26,145],"product_tag":[],"class_list":{"0":"post-7205","1":"product","2":"type-product","3":"status-publish","4":"has-post-thumbnail","6":"product_cat-librairie-documents-et-photos","7":"product_cat-nouveautes","9":"first","10":"instock","11":"purchasable","12":"product-type-simple"},"_links":{"self":[{"href":"https:\/\/france-empires.com\/index.php\/wp-json\/wp\/v2\/product\/7205","targetHints":{"allow":["GET"]}}],"collection":[{"href":"https:\/\/france-empires.com\/index.php\/wp-json\/wp\/v2\/product"}],"about":[{"href":"https:\/\/france-empires.com\/index.php\/wp-json\/wp\/v2\/types\/product"}],"wp:featuredmedia":[{"embeddable":true,"href":"https:\/\/france-empires.com\/index.php\/wp-json\/wp\/v2\/media\/7206"}],"wp:attachment":[{"href":"https:\/\/france-empires.com\/index.php\/wp-json\/wp\/v2\/media?parent=7205"}],"wp:term":[{"taxonomy":"product_brand","embeddable":true,"href":"https:\/\/france-empires.com\/index.php\/wp-json\/wp\/v2\/product_brand?post=7205"},{"taxonomy":"product_cat","embeddable":true,"href":"https:\/\/france-empires.com\/index.php\/wp-json\/wp\/v2\/product_cat?post=7205"},{"taxonomy":"product_tag","embeddable":true,"href":"https:\/\/france-empires.com\/index.php\/wp-json\/wp\/v2\/product_tag?post=7205"}],"curies":[{"name":"wp","href":"https:\/\/api.w.org\/{rel}","templated":true}]}}