{"id":7214,"date":"2026-03-24T22:11:21","date_gmt":"2026-03-24T21:11:21","guid":{"rendered":"https:\/\/france-empires.com\/?post_type=product&#038;p=7214"},"modified":"2026-03-24T22:11:21","modified_gmt":"2026-03-24T21:11:21","slug":"aquarelles-de-theodore-fort-officiers-de-cent-gardes-et-guides-de-la-garde","status":"publish","type":"product","link":"https:\/\/france-empires.com\/index.php\/produit\/aquarelles-de-theodore-fort-officiers-de-cent-gardes-et-guides-de-la-garde\/","title":{"rendered":"Aquarelles de Theodore FORT, officiers de Cent-Gardes et Guides de la Garde"},"content":{"rendered":"<p>Deux belles aquarelles encadr\u00e9es.<br \/>\nL&rsquo;une repr\u00e9sentant un colonel des Cent-Gardes (Verly ?)<br \/>\nL&rsquo;autre un lieutenant des Guides.<br \/>\nAvec pour chacune en arri\u00e8re-plan des cavaliers des m\u00eames unit\u00e9s.<\/p>\n<p>Tr\u00e8s d\u00e9coratif et spectaculaire.<\/p>\n","protected":false},"excerpt":{"rendered":"<p>Deux belles aquarelles encadr\u00e9es. L&rsquo;une repr\u00e9sentant un colonel des Cent-Gardes (Verly ?) L&rsquo;autre un lieutenant des Guides. Avec pour chacune en arri\u00e8re-plan des cavaliers des m\u00eames unit\u00e9s. Tr\u00e8s d\u00e9coratif et spectaculaire.<\/p>\n","protected":false},"featured_media":7218,"template":"","meta":[],"product_brand":[],"product_cat":[28,26,145],"product_tag":[],"class_list":{"0":"post-7214","1":"product","2":"type-product","3":"status-publish","4":"has-post-thumbnail","6":"product_cat-antiquites-et-autres-collections","7":"product_cat-librairie-documents-et-photos","8":"product_cat-nouveautes","10":"first","11":"instock","12":"taxable","13":"shipping-taxable","14":"purchasable","15":"product-type-simple"},"_links":{"self":[{"href":"https:\/\/france-empires.com\/index.php\/wp-json\/wp\/v2\/product\/7214","targetHints":{"allow":["GET"]}}],"collection":[{"href":"https:\/\/france-empires.com\/index.php\/wp-json\/wp\/v2\/product"}],"about":[{"href":"https:\/\/france-empires.com\/index.php\/wp-json\/wp\/v2\/types\/product"}],"wp:featuredmedia":[{"embeddable":true,"href":"https:\/\/france-empires.com\/index.php\/wp-json\/wp\/v2\/media\/7218"}],"wp:attachment":[{"href":"https:\/\/france-empires.com\/index.php\/wp-json\/wp\/v2\/media?parent=7214"}],"wp:term":[{"taxonomy":"product_brand","embeddable":true,"href":"https:\/\/france-empires.com\/index.php\/wp-json\/wp\/v2\/product_brand?post=7214"},{"taxonomy":"product_cat","embeddable":true,"href":"https:\/\/france-empires.com\/index.php\/wp-json\/wp\/v2\/product_cat?post=7214"},{"taxonomy":"product_tag","embeddable":true,"href":"https:\/\/france-empires.com\/index.php\/wp-json\/wp\/v2\/product_tag?post=7214"}],"curies":[{"name":"wp","href":"https:\/\/api.w.org\/{rel}","templated":true}]}}