{"id":7222,"date":"2026-03-24T22:18:07","date_gmt":"2026-03-24T21:18:07","guid":{"rendered":"https:\/\/france-empires.com\/?post_type=product&#038;p=7222"},"modified":"2026-03-24T22:19:52","modified_gmt":"2026-03-24T21:19:52","slug":"diplome-et-mdedaille-de-sainte-helene-plus-campagne-ditalie","status":"publish","type":"product","link":"https:\/\/france-empires.com\/index.php\/produit\/diplome-et-mdedaille-de-sainte-helene-plus-campagne-ditalie\/","title":{"rendered":"Dipl\u00f4me et m\u00e9daille de Sainte H\u00e9l\u00e8ne, plus campagne d&rsquo;Italie"},"content":{"rendered":"<p>Dipl\u00f4me encadr\u00e9 au nom de Pierre DENIS, ancien militaire<br \/>\nM\u00e9daille de Sainte H\u00e9l\u00e8ne et M\u00e9daille de la Campagne d&rsquo;Italie.<\/p>\n","protected":false},"excerpt":{"rendered":"<p>Dipl\u00f4me encadr\u00e9 au nom de Pierre DENIS, ancien militaire M\u00e9daille de Sainte H\u00e9l\u00e8ne et M\u00e9daille de la Campagne d&rsquo;Italie.<\/p>\n","protected":false},"featured_media":7227,"template":"","meta":[],"product_brand":[],"product_cat":[26,23,42,145],"product_tag":[],"class_list":{"0":"post-7222","1":"product","2":"type-product","3":"status-publish","4":"has-post-thumbnail","6":"product_cat-librairie-documents-et-photos","7":"product_cat-medailles-et-decorations","8":"product_cat-militaires","9":"product_cat-nouveautes","11":"first","12":"instock","13":"purchasable","14":"product-type-simple"},"_links":{"self":[{"href":"https:\/\/france-empires.com\/index.php\/wp-json\/wp\/v2\/product\/7222","targetHints":{"allow":["GET"]}}],"collection":[{"href":"https:\/\/france-empires.com\/index.php\/wp-json\/wp\/v2\/product"}],"about":[{"href":"https:\/\/france-empires.com\/index.php\/wp-json\/wp\/v2\/types\/product"}],"wp:featuredmedia":[{"embeddable":true,"href":"https:\/\/france-empires.com\/index.php\/wp-json\/wp\/v2\/media\/7227"}],"wp:attachment":[{"href":"https:\/\/france-empires.com\/index.php\/wp-json\/wp\/v2\/media?parent=7222"}],"wp:term":[{"taxonomy":"product_brand","embeddable":true,"href":"https:\/\/france-empires.com\/index.php\/wp-json\/wp\/v2\/product_brand?post=7222"},{"taxonomy":"product_cat","embeddable":true,"href":"https:\/\/france-empires.com\/index.php\/wp-json\/wp\/v2\/product_cat?post=7222"},{"taxonomy":"product_tag","embeddable":true,"href":"https:\/\/france-empires.com\/index.php\/wp-json\/wp\/v2\/product_tag?post=7222"}],"curies":[{"name":"wp","href":"https:\/\/api.w.org\/{rel}","templated":true}]}}