{"id":7229,"date":"2026-03-24T22:33:06","date_gmt":"2026-03-24T21:33:06","guid":{"rendered":"https:\/\/france-empires.com\/?post_type=product&#038;p=7229"},"modified":"2026-03-24T22:33:07","modified_gmt":"2026-03-24T21:33:07","slug":"diplome-de-commandeur-de-la-legion-dhonneur-second-empire","status":"publish","type":"product","link":"https:\/\/france-empires.com\/index.php\/produit\/diplome-de-commandeur-de-la-legion-dhonneur-second-empire\/","title":{"rendered":"Dipl\u00f4me de Commandeur de la L\u00e9gion d&rsquo;Honneur, Second Empire"},"content":{"rendered":"<p>Encadr\u00e9 avec un chevalier de la L\u00e9gion d&rsquo;Honneur, attribu\u00e9 Charles Augeraud, colonel d&rsquo;Artillerie en 1864<br \/>\n(futur G\u00e9n\u00e9ral notamment li\u00e9 aux \u00e9v\u00e8nements d&rsquo;Alg\u00e9rie de 1871) <\/p>\n","protected":false},"excerpt":{"rendered":"<p>Encadr\u00e9 avec un chevalier de la L\u00e9gion d&rsquo;Honneur, attribu\u00e9 Charles Augeraud, colonel d&rsquo;Artillerie en 1864 (futur G\u00e9n\u00e9ral notamment li\u00e9 aux \u00e9v\u00e8nements d&rsquo;Alg\u00e9rie de 1871)<\/p>\n","protected":false},"featured_media":7230,"template":"","meta":[],"product_brand":[],"product_cat":[23,42,145],"product_tag":[],"class_list":{"0":"post-7229","1":"product","2":"type-product","3":"status-publish","4":"has-post-thumbnail","6":"product_cat-medailles-et-decorations","7":"product_cat-militaires","8":"product_cat-nouveautes","10":"first","11":"instock","12":"purchasable","13":"product-type-simple"},"_links":{"self":[{"href":"https:\/\/france-empires.com\/index.php\/wp-json\/wp\/v2\/product\/7229","targetHints":{"allow":["GET"]}}],"collection":[{"href":"https:\/\/france-empires.com\/index.php\/wp-json\/wp\/v2\/product"}],"about":[{"href":"https:\/\/france-empires.com\/index.php\/wp-json\/wp\/v2\/types\/product"}],"wp:featuredmedia":[{"embeddable":true,"href":"https:\/\/france-empires.com\/index.php\/wp-json\/wp\/v2\/media\/7230"}],"wp:attachment":[{"href":"https:\/\/france-empires.com\/index.php\/wp-json\/wp\/v2\/media?parent=7229"}],"wp:term":[{"taxonomy":"product_brand","embeddable":true,"href":"https:\/\/france-empires.com\/index.php\/wp-json\/wp\/v2\/product_brand?post=7229"},{"taxonomy":"product_cat","embeddable":true,"href":"https:\/\/france-empires.com\/index.php\/wp-json\/wp\/v2\/product_cat?post=7229"},{"taxonomy":"product_tag","embeddable":true,"href":"https:\/\/france-empires.com\/index.php\/wp-json\/wp\/v2\/product_tag?post=7229"}],"curies":[{"name":"wp","href":"https:\/\/api.w.org\/{rel}","templated":true}]}}