{"id":7235,"date":"2026-03-24T22:55:53","date_gmt":"2026-03-24T21:55:53","guid":{"rendered":"https:\/\/france-empires.com\/?post_type=product&#038;p=7235"},"modified":"2026-03-24T22:56:43","modified_gmt":"2026-03-24T21:56:43","slug":"medaille-militaire-et-son-diplome-campagne-de-crimee","status":"publish","type":"product","link":"https:\/\/france-empires.com\/index.php\/produit\/medaille-militaire-et-son-diplome-campagne-de-crimee\/","title":{"rendered":"M\u00e9daille militaire et son dipl\u00f4me, Campagne de Crim\u00e9e"},"content":{"rendered":"<p>Diplome attribu\u00e9 \u00e0 Picard (difficilement lisible)<br \/>\nM\u00e9daille militaire Second Empire 2\u00e8me type (\u00e9clats dans le bleu, ruban pass\u00e9)<br \/>\nM\u00e9daille de la Campagne de Crim\u00e9e avec agrafe \u00ab\u00a0S\u00e9bastopol\u00a0\u00bb<\/p>\n","protected":false},"excerpt":{"rendered":"<p>Diplome attribu\u00e9 \u00e0 Picard (difficilement lisible) M\u00e9daille militaire Second Empire 2\u00e8me type (\u00e9clats dans le bleu, ruban pass\u00e9) M\u00e9daille de la Campagne de Crim\u00e9e avec agrafe \u00ab\u00a0S\u00e9bastopol\u00a0\u00bb<\/p>\n","protected":false},"featured_media":7240,"template":"","meta":[],"product_brand":[],"product_cat":[23,42,145],"product_tag":[],"class_list":{"0":"post-7235","1":"product","2":"type-product","3":"status-publish","4":"has-post-thumbnail","6":"product_cat-medailles-et-decorations","7":"product_cat-militaires","8":"product_cat-nouveautes","10":"first","11":"instock","12":"purchasable","13":"product-type-simple"},"_links":{"self":[{"href":"https:\/\/france-empires.com\/index.php\/wp-json\/wp\/v2\/product\/7235","targetHints":{"allow":["GET"]}}],"collection":[{"href":"https:\/\/france-empires.com\/index.php\/wp-json\/wp\/v2\/product"}],"about":[{"href":"https:\/\/france-empires.com\/index.php\/wp-json\/wp\/v2\/types\/product"}],"wp:featuredmedia":[{"embeddable":true,"href":"https:\/\/france-empires.com\/index.php\/wp-json\/wp\/v2\/media\/7240"}],"wp:attachment":[{"href":"https:\/\/france-empires.com\/index.php\/wp-json\/wp\/v2\/media?parent=7235"}],"wp:term":[{"taxonomy":"product_brand","embeddable":true,"href":"https:\/\/france-empires.com\/index.php\/wp-json\/wp\/v2\/product_brand?post=7235"},{"taxonomy":"product_cat","embeddable":true,"href":"https:\/\/france-empires.com\/index.php\/wp-json\/wp\/v2\/product_cat?post=7235"},{"taxonomy":"product_tag","embeddable":true,"href":"https:\/\/france-empires.com\/index.php\/wp-json\/wp\/v2\/product_tag?post=7235"}],"curies":[{"name":"wp","href":"https:\/\/api.w.org\/{rel}","templated":true}]}}