{"id":7241,"date":"2026-03-24T23:03:13","date_gmt":"2026-03-24T22:03:13","guid":{"rendered":"https:\/\/france-empires.com\/?post_type=product&#038;p=7241"},"modified":"2026-03-24T23:03:14","modified_gmt":"2026-03-24T22:03:14","slug":"diplome-de-chevalier-et-legion-dhonneur","status":"publish","type":"product","link":"https:\/\/france-empires.com\/index.php\/produit\/diplome-de-chevalier-et-legion-dhonneur\/","title":{"rendered":"Dipl\u00f4me de Chevalier et L\u00e9gion d&rsquo;Honneur"},"content":{"rendered":"<p>Encadr\u00e9 et attribu\u00e9 \u00e0 Jean-Bertrand FONTAN, Pr\u00e9sident du Tribunal de Premi\u00e8re Instance de N\u00eemes, en 1885 sous Jules GREVY.<\/p>\n","protected":false},"excerpt":{"rendered":"<p>Encadr\u00e9 et attribu\u00e9 \u00e0 Jean-Bertrand FONTAN, Pr\u00e9sident du Tribunal de Premi\u00e8re Instance de N\u00eemes, en 1885 sous Jules GREVY.<\/p>\n","protected":false},"featured_media":7242,"template":"","meta":[],"product_brand":[],"product_cat":[41,23,145],"product_tag":[],"class_list":{"0":"post-7241","1":"product","2":"type-product","3":"status-publish","4":"has-post-thumbnail","6":"product_cat-civiles","7":"product_cat-medailles-et-decorations","8":"product_cat-nouveautes","10":"first","11":"instock","12":"purchasable","13":"product-type-simple"},"_links":{"self":[{"href":"https:\/\/france-empires.com\/index.php\/wp-json\/wp\/v2\/product\/7241","targetHints":{"allow":["GET"]}}],"collection":[{"href":"https:\/\/france-empires.com\/index.php\/wp-json\/wp\/v2\/product"}],"about":[{"href":"https:\/\/france-empires.com\/index.php\/wp-json\/wp\/v2\/types\/product"}],"wp:featuredmedia":[{"embeddable":true,"href":"https:\/\/france-empires.com\/index.php\/wp-json\/wp\/v2\/media\/7242"}],"wp:attachment":[{"href":"https:\/\/france-empires.com\/index.php\/wp-json\/wp\/v2\/media?parent=7241"}],"wp:term":[{"taxonomy":"product_brand","embeddable":true,"href":"https:\/\/france-empires.com\/index.php\/wp-json\/wp\/v2\/product_brand?post=7241"},{"taxonomy":"product_cat","embeddable":true,"href":"https:\/\/france-empires.com\/index.php\/wp-json\/wp\/v2\/product_cat?post=7241"},{"taxonomy":"product_tag","embeddable":true,"href":"https:\/\/france-empires.com\/index.php\/wp-json\/wp\/v2\/product_tag?post=7241"}],"curies":[{"name":"wp","href":"https:\/\/api.w.org\/{rel}","templated":true}]}}