{"id":7250,"date":"2026-03-24T23:20:43","date_gmt":"2026-03-24T22:20:43","guid":{"rendered":"https:\/\/france-empires.com\/?post_type=product&#038;p=7250"},"modified":"2026-03-24T23:20:43","modified_gmt":"2026-03-24T22:20:43","slug":"medaille-militaire-et-diplome-second-empire","status":"publish","type":"product","link":"https:\/\/france-empires.com\/index.php\/produit\/medaille-militaire-et-diplome-second-empire\/","title":{"rendered":"M\u00e9daille Militaire et dipl\u00f4me, Second Empire"},"content":{"rendered":"<p>Encadr\u00e9 probablement d&rsquo;\u00e9poque ou fin 19\u00e8me; joli portrait au revers d&rsquo;un jeune enfant en tenue r\u00e9volutionnaire<br \/>\nAttribu\u00e9 \u00e0 Jean-Etienne DELAING, Mar\u00e9chal des Logis au 2\u00e8me R\u00e9giment d&rsquo;Artillerie.<\/p>\n","protected":false},"excerpt":{"rendered":"<p>Encadr\u00e9 probablement d&rsquo;\u00e9poque ou fin 19\u00e8me; joli portrait au revers d&rsquo;un jeune enfant en tenue r\u00e9volutionnaire Attribu\u00e9 \u00e0 Jean-Etienne DELAING, Mar\u00e9chal des Logis au 2\u00e8me R\u00e9giment d&rsquo;Artillerie.<\/p>\n","protected":false},"featured_media":7254,"template":"","meta":[],"product_brand":[],"product_cat":[23,42,145],"product_tag":[],"class_list":{"0":"post-7250","1":"product","2":"type-product","3":"status-publish","4":"has-post-thumbnail","6":"product_cat-medailles-et-decorations","7":"product_cat-militaires","8":"product_cat-nouveautes","10":"first","11":"instock","12":"purchasable","13":"product-type-simple"},"_links":{"self":[{"href":"https:\/\/france-empires.com\/index.php\/wp-json\/wp\/v2\/product\/7250","targetHints":{"allow":["GET"]}}],"collection":[{"href":"https:\/\/france-empires.com\/index.php\/wp-json\/wp\/v2\/product"}],"about":[{"href":"https:\/\/france-empires.com\/index.php\/wp-json\/wp\/v2\/types\/product"}],"wp:featuredmedia":[{"embeddable":true,"href":"https:\/\/france-empires.com\/index.php\/wp-json\/wp\/v2\/media\/7254"}],"wp:attachment":[{"href":"https:\/\/france-empires.com\/index.php\/wp-json\/wp\/v2\/media?parent=7250"}],"wp:term":[{"taxonomy":"product_brand","embeddable":true,"href":"https:\/\/france-empires.com\/index.php\/wp-json\/wp\/v2\/product_brand?post=7250"},{"taxonomy":"product_cat","embeddable":true,"href":"https:\/\/france-empires.com\/index.php\/wp-json\/wp\/v2\/product_cat?post=7250"},{"taxonomy":"product_tag","embeddable":true,"href":"https:\/\/france-empires.com\/index.php\/wp-json\/wp\/v2\/product_tag?post=7250"}],"curies":[{"name":"wp","href":"https:\/\/api.w.org\/{rel}","templated":true}]}}