{"id":7256,"date":"2026-03-24T23:33:45","date_gmt":"2026-03-24T22:33:45","guid":{"rendered":"https:\/\/france-empires.com\/?post_type=product&#038;p=7256"},"modified":"2026-03-24T23:33:45","modified_gmt":"2026-03-24T22:33:45","slug":"deux-diplomes-medaille-militaire-et-legion-dhonneur-et-leurs-medailles-pour-un-marin-sous-le-second-empire","status":"publish","type":"product","link":"https:\/\/france-empires.com\/index.php\/produit\/deux-diplomes-medaille-militaire-et-legion-dhonneur-et-leurs-medailles-pour-un-marin-sous-le-second-empire\/","title":{"rendered":"Deux dipl\u00f4mes (M\u00e9daille Militaire et L\u00e9gion d&rsquo;honneur) et leurs m\u00e9dailles, pour un marin sous le Second Empire"},"content":{"rendered":"<p>Deux beaux encadrements comprenant les dipl\u00f4mes et m\u00e9dailles correspondantes, attribu\u00e9s \u00e0 Pierre-Alexandre Audibert, Premier Maitre M\u00e9canicien de la Marine en 1861 et 1866.<br \/>\nBel ensemble peu courant; les LH \u00e9taient rarement attribu\u00e9es \u00e0 des sous-officiers.<\/p>\n","protected":false},"excerpt":{"rendered":"<p>Deux beaux encadrements comprenant les dipl\u00f4mes et m\u00e9dailles correspondantes, attribu\u00e9s \u00e0 Pierre-Alexandre Audibert, Premier Maitre M\u00e9canicien de la Marine en 1861 et 1866. Bel ensemble peu courant; les LH \u00e9taient rarement attribu\u00e9es \u00e0 des sous-officiers.<\/p>\n","protected":false},"featured_media":7262,"template":"","meta":[],"product_brand":[],"product_cat":[23,42,145],"product_tag":[],"class_list":{"0":"post-7256","1":"product","2":"type-product","3":"status-publish","4":"has-post-thumbnail","6":"product_cat-medailles-et-decorations","7":"product_cat-militaires","8":"product_cat-nouveautes","10":"first","11":"instock","12":"purchasable","13":"product-type-simple"},"_links":{"self":[{"href":"https:\/\/france-empires.com\/index.php\/wp-json\/wp\/v2\/product\/7256","targetHints":{"allow":["GET"]}}],"collection":[{"href":"https:\/\/france-empires.com\/index.php\/wp-json\/wp\/v2\/product"}],"about":[{"href":"https:\/\/france-empires.com\/index.php\/wp-json\/wp\/v2\/types\/product"}],"wp:featuredmedia":[{"embeddable":true,"href":"https:\/\/france-empires.com\/index.php\/wp-json\/wp\/v2\/media\/7262"}],"wp:attachment":[{"href":"https:\/\/france-empires.com\/index.php\/wp-json\/wp\/v2\/media?parent=7256"}],"wp:term":[{"taxonomy":"product_brand","embeddable":true,"href":"https:\/\/france-empires.com\/index.php\/wp-json\/wp\/v2\/product_brand?post=7256"},{"taxonomy":"product_cat","embeddable":true,"href":"https:\/\/france-empires.com\/index.php\/wp-json\/wp\/v2\/product_cat?post=7256"},{"taxonomy":"product_tag","embeddable":true,"href":"https:\/\/france-empires.com\/index.php\/wp-json\/wp\/v2\/product_tag?post=7256"}],"curies":[{"name":"wp","href":"https:\/\/api.w.org\/{rel}","templated":true}]}}