{"id":7264,"date":"2026-03-25T17:21:28","date_gmt":"2026-03-25T16:21:28","guid":{"rendered":"https:\/\/france-empires.com\/?post_type=product&#038;p=7264"},"modified":"2026-03-25T17:22:08","modified_gmt":"2026-03-25T16:22:08","slug":"eventail-vers-1830","status":"publish","type":"product","link":"https:\/\/france-empires.com\/index.php\/produit\/eventail-vers-1830\/","title":{"rendered":"Eventail vers 1830"},"content":{"rendered":"<p>\u00c9ventail encadr\u00e9 \u00e0 d\u00e9cor de personnages, sc\u00e8ne galante.<br \/>\nMonogramme et couronne. La provenance (vieille famille bretonne) sera communiqu\u00e9e \u00e0 l&rsquo;acheteur.<br \/>\nBranches en nacre, accidents et manques (voir photos) mais tr\u00e8s d\u00e9coratif<\/p>\n","protected":false},"excerpt":{"rendered":"<p>\u00c9ventail encadr\u00e9 \u00e0 d\u00e9cor de personnages, sc\u00e8ne galante. Monogramme et couronne. La provenance (vieille famille bretonne) sera communiqu\u00e9e \u00e0 l&rsquo;acheteur. Branches en nacre, accidents et manques (voir photos) mais tr\u00e8s d\u00e9coratif<\/p>\n","protected":false},"featured_media":7268,"template":"","meta":[],"product_brand":[],"product_cat":[28,145],"product_tag":[],"class_list":{"0":"post-7264","1":"product","2":"type-product","3":"status-publish","4":"has-post-thumbnail","6":"product_cat-antiquites-et-autres-collections","7":"product_cat-nouveautes","9":"first","10":"instock","11":"purchasable","12":"product-type-simple"},"_links":{"self":[{"href":"https:\/\/france-empires.com\/index.php\/wp-json\/wp\/v2\/product\/7264","targetHints":{"allow":["GET"]}}],"collection":[{"href":"https:\/\/france-empires.com\/index.php\/wp-json\/wp\/v2\/product"}],"about":[{"href":"https:\/\/france-empires.com\/index.php\/wp-json\/wp\/v2\/types\/product"}],"wp:featuredmedia":[{"embeddable":true,"href":"https:\/\/france-empires.com\/index.php\/wp-json\/wp\/v2\/media\/7268"}],"wp:attachment":[{"href":"https:\/\/france-empires.com\/index.php\/wp-json\/wp\/v2\/media?parent=7264"}],"wp:term":[{"taxonomy":"product_brand","embeddable":true,"href":"https:\/\/france-empires.com\/index.php\/wp-json\/wp\/v2\/product_brand?post=7264"},{"taxonomy":"product_cat","embeddable":true,"href":"https:\/\/france-empires.com\/index.php\/wp-json\/wp\/v2\/product_cat?post=7264"},{"taxonomy":"product_tag","embeddable":true,"href":"https:\/\/france-empires.com\/index.php\/wp-json\/wp\/v2\/product_tag?post=7264"}],"curies":[{"name":"wp","href":"https:\/\/api.w.org\/{rel}","templated":true}]}}