{"id":7270,"date":"2026-03-25T17:29:52","date_gmt":"2026-03-25T16:29:52","guid":{"rendered":"https:\/\/france-empires.com\/?post_type=product&#038;p=7270"},"modified":"2026-03-25T17:29:53","modified_gmt":"2026-03-25T16:29:53","slug":"ordonnance-de-1735-concernant-le-materiel-militaire-montpellier","status":"publish","type":"product","link":"https:\/\/france-empires.com\/index.php\/produit\/ordonnance-de-1735-concernant-le-materiel-militaire-montpellier\/","title":{"rendered":"ordonnance de 1735 concernant le mat\u00e9riel militaire, Montpellier"},"content":{"rendered":"<p>Affiche d&rsquo;\u00e9poque avec manques.<br \/>\nDe Bernage, Monseigneur Grasset.<br \/>\nLivr\u00e9e sans cadre (mais peut \u00eatre envisag\u00e9 sur demande)<\/p>\n","protected":false},"excerpt":{"rendered":"<p>Affiche d&rsquo;\u00e9poque avec manques. De Bernage, Monseigneur Grasset. Livr\u00e9e sans cadre (mais peut \u00eatre envisag\u00e9 sur demande)<\/p>\n","protected":false},"featured_media":7272,"template":"","meta":[],"product_brand":[],"product_cat":[26,145],"product_tag":[],"class_list":{"0":"post-7270","1":"product","2":"type-product","3":"status-publish","4":"has-post-thumbnail","6":"product_cat-librairie-documents-et-photos","7":"product_cat-nouveautes","9":"first","10":"instock","11":"purchasable","12":"product-type-simple"},"_links":{"self":[{"href":"https:\/\/france-empires.com\/index.php\/wp-json\/wp\/v2\/product\/7270","targetHints":{"allow":["GET"]}}],"collection":[{"href":"https:\/\/france-empires.com\/index.php\/wp-json\/wp\/v2\/product"}],"about":[{"href":"https:\/\/france-empires.com\/index.php\/wp-json\/wp\/v2\/types\/product"}],"wp:featuredmedia":[{"embeddable":true,"href":"https:\/\/france-empires.com\/index.php\/wp-json\/wp\/v2\/media\/7272"}],"wp:attachment":[{"href":"https:\/\/france-empires.com\/index.php\/wp-json\/wp\/v2\/media?parent=7270"}],"wp:term":[{"taxonomy":"product_brand","embeddable":true,"href":"https:\/\/france-empires.com\/index.php\/wp-json\/wp\/v2\/product_brand?post=7270"},{"taxonomy":"product_cat","embeddable":true,"href":"https:\/\/france-empires.com\/index.php\/wp-json\/wp\/v2\/product_cat?post=7270"},{"taxonomy":"product_tag","embeddable":true,"href":"https:\/\/france-empires.com\/index.php\/wp-json\/wp\/v2\/product_tag?post=7270"}],"curies":[{"name":"wp","href":"https:\/\/api.w.org\/{rel}","templated":true}]}}