{"id":7273,"date":"2026-03-25T17:41:59","date_gmt":"2026-03-25T16:41:59","guid":{"rendered":"https:\/\/france-empires.com\/?post_type=product&#038;p=7273"},"modified":"2026-03-25T17:42:00","modified_gmt":"2026-03-25T16:42:00","slug":"grande-photo-dedicacee-du-prince-imperial-cadre-aux-armes-imperiales","status":"publish","type":"product","link":"https:\/\/france-empires.com\/index.php\/produit\/grande-photo-dedicacee-du-prince-imperial-cadre-aux-armes-imperiales\/","title":{"rendered":"Grande photo d\u00e9dicac\u00e9e du Prince Imp\u00e9rial, cadre aux armes imp\u00e9riales"},"content":{"rendered":"<p>Photo albumin\u00e9e format A3 environ du Prince Imp\u00e9rial, avec autographe; sign\u00e9e Louis Napol\u00e9on, 21 mai 1865<br \/>\nEncadr\u00e9e, le haut du cadre est d\u00e9cor\u00e9 des armes imp\u00e9riales;<br \/>\nContraste correct, petits accidents au cadre<br \/>\nT\u00e9moignage rare et \u00e9mouvant de Napol\u00e9on IV.<\/p>\n<p>Napol\u00e9on Eug\u00e8ne Louis Jean Joseph Bonaparte, prince imp\u00e9rial, dit Louis-Napol\u00e9on[3], n\u00e9 le 16 mars 1856 \u00e0 Paris et mort le 1er juin 1879 au pays zoulou (actuelle Afrique du Sud), est le fils unique de Napol\u00e9on III, empereur des Fran\u00e7ais et de son \u00e9pouse, l&rsquo;imp\u00e9ratrice Eug\u00e9nie.<\/p>\n<p>Appel\u00e9 Louis par ses parents, il signe Napol\u00e9on apr\u00e8s la mort de son p\u00e8re, le 9 janvier 1873, au lieu de Louis-Napol\u00e9on pr\u00e9c\u00e9demment[4]. Il est parfois d\u00e9sign\u00e9 sous le nom de \u00ab Napol\u00e9on IV \u00bb[5] et surnomm\u00e9 \u00ab Loulou \u00bb.<\/p>\n<p>En exil, il use parfois du titre de courtoisie de comte de Pierrefonds, d\u00e9j\u00e0 utilis\u00e9 par son p\u00e8re, du nom du ch\u00e2teau m\u00e9di\u00e9val que celui-ci fit restaurer par Viollet-le-Duc. S&rsquo;\u00e9tant engag\u00e9 dans les troupes britanniques d&rsquo;Afrique australe, il est tu\u00e9 durant la guerre anglo-zouloue lors d&rsquo;un combat contre les guerriers zoulous.<\/p>\n","protected":false},"excerpt":{"rendered":"<p>Photo albumin\u00e9e format A3 environ du Prince Imp\u00e9rial, avec autographe; sign\u00e9e Louis Napol\u00e9on, 21 mai 1865 Encadr\u00e9e, le haut du cadre est d\u00e9cor\u00e9 des armes imp\u00e9riales; Contraste correct, petits accidents au cadre T\u00e9moignage rare et \u00e9mouvant de Napol\u00e9on IV. Napol\u00e9on Eug\u00e8ne Louis Jean Joseph Bonaparte, prince imp\u00e9rial, dit Louis-Napol\u00e9on[3], n\u00e9 le&hellip;<\/p>\n","protected":false},"featured_media":7276,"template":"","meta":[],"product_brand":[],"product_cat":[28,26,145],"product_tag":[],"class_list":{"0":"post-7273","1":"product","2":"type-product","3":"status-publish","4":"has-post-thumbnail","6":"product_cat-antiquites-et-autres-collections","7":"product_cat-librairie-documents-et-photos","8":"product_cat-nouveautes","10":"first","11":"instock","12":"taxable","13":"shipping-taxable","14":"purchasable","15":"product-type-simple"},"_links":{"self":[{"href":"https:\/\/france-empires.com\/index.php\/wp-json\/wp\/v2\/product\/7273","targetHints":{"allow":["GET"]}}],"collection":[{"href":"https:\/\/france-empires.com\/index.php\/wp-json\/wp\/v2\/product"}],"about":[{"href":"https:\/\/france-empires.com\/index.php\/wp-json\/wp\/v2\/types\/product"}],"wp:featuredmedia":[{"embeddable":true,"href":"https:\/\/france-empires.com\/index.php\/wp-json\/wp\/v2\/media\/7276"}],"wp:attachment":[{"href":"https:\/\/france-empires.com\/index.php\/wp-json\/wp\/v2\/media?parent=7273"}],"wp:term":[{"taxonomy":"product_brand","embeddable":true,"href":"https:\/\/france-empires.com\/index.php\/wp-json\/wp\/v2\/product_brand?post=7273"},{"taxonomy":"product_cat","embeddable":true,"href":"https:\/\/france-empires.com\/index.php\/wp-json\/wp\/v2\/product_cat?post=7273"},{"taxonomy":"product_tag","embeddable":true,"href":"https:\/\/france-empires.com\/index.php\/wp-json\/wp\/v2\/product_tag?post=7273"}],"curies":[{"name":"wp","href":"https:\/\/api.w.org\/{rel}","templated":true}]}}