{"id":7279,"date":"2026-03-25T17:47:35","date_gmt":"2026-03-25T16:47:35","guid":{"rendered":"https:\/\/france-empires.com\/?post_type=product&#038;p=7279"},"modified":"2026-03-25T17:47:35","modified_gmt":"2026-03-25T16:47:35","slug":"grande-photo-albuminee-second-empire","status":"publish","type":"product","link":"https:\/\/france-empires.com\/index.php\/produit\/grande-photo-albuminee-second-empire\/","title":{"rendered":"Grande photo albumin\u00e9e, Second Empire"},"content":{"rendered":"<p>Sc\u00e8ne pos\u00e9e de jeunes militaires, vers 1860.<br \/>\nAmbiance peu orthodoxe et atypique;<br \/>\nSign\u00e9e en bas \u00e0 gauche<br \/>\nDans son encadrement d&rsquo;\u00e9poque<\/p>\n","protected":false},"excerpt":{"rendered":"<p>Sc\u00e8ne pos\u00e9e de jeunes militaires, vers 1860. Ambiance peu orthodoxe et atypique; Sign\u00e9e en bas \u00e0 gauche Dans son encadrement d&rsquo;\u00e9poque<\/p>\n","protected":false},"featured_media":7281,"template":"","meta":[],"product_brand":[],"product_cat":[26,145],"product_tag":[],"class_list":{"0":"post-7279","1":"product","2":"type-product","3":"status-publish","4":"has-post-thumbnail","6":"product_cat-librairie-documents-et-photos","7":"product_cat-nouveautes","9":"first","10":"instock","11":"purchasable","12":"product-type-simple"},"_links":{"self":[{"href":"https:\/\/france-empires.com\/index.php\/wp-json\/wp\/v2\/product\/7279","targetHints":{"allow":["GET"]}}],"collection":[{"href":"https:\/\/france-empires.com\/index.php\/wp-json\/wp\/v2\/product"}],"about":[{"href":"https:\/\/france-empires.com\/index.php\/wp-json\/wp\/v2\/types\/product"}],"wp:featuredmedia":[{"embeddable":true,"href":"https:\/\/france-empires.com\/index.php\/wp-json\/wp\/v2\/media\/7281"}],"wp:attachment":[{"href":"https:\/\/france-empires.com\/index.php\/wp-json\/wp\/v2\/media?parent=7279"}],"wp:term":[{"taxonomy":"product_brand","embeddable":true,"href":"https:\/\/france-empires.com\/index.php\/wp-json\/wp\/v2\/product_brand?post=7279"},{"taxonomy":"product_cat","embeddable":true,"href":"https:\/\/france-empires.com\/index.php\/wp-json\/wp\/v2\/product_cat?post=7279"},{"taxonomy":"product_tag","embeddable":true,"href":"https:\/\/france-empires.com\/index.php\/wp-json\/wp\/v2\/product_tag?post=7279"}],"curies":[{"name":"wp","href":"https:\/\/api.w.org\/{rel}","templated":true}]}}