{"id":7287,"date":"2026-04-03T20:32:28","date_gmt":"2026-04-03T18:32:28","guid":{"rendered":"https:\/\/france-empires.com\/?post_type=product&#038;p=7287"},"modified":"2026-04-03T20:32:29","modified_gmt":"2026-04-03T18:32:29","slug":"manuel-garde-nationale-1870","status":"publish","type":"product","link":"https:\/\/france-empires.com\/index.php\/produit\/manuel-garde-nationale-1870\/","title":{"rendered":"Manuel Garde Nationale 1870"},"content":{"rendered":"<p>Nouveau manuel de la Garde Nationale S\u00e9dentaire <\/p>\n<p>L&rsquo;\u00e9cole du soldat<br \/>\nL&rsquo;\u00e9cole du peloton<br \/>\nLa man\u0153uvre du fusil Chassepot, du fusil \u00e0 tabati\u00e8re, etc<\/p>\n<p>Environ 250 pages, marques et usures d&rsquo;usage<\/p>\n","protected":false},"excerpt":{"rendered":"<p>Nouveau manuel de la Garde Nationale S\u00e9dentaire L&rsquo;\u00e9cole du soldat L&rsquo;\u00e9cole du peloton La man\u0153uvre du fusil Chassepot, du fusil \u00e0 tabati\u00e8re, etc Environ 250 pages, marques et usures d&rsquo;usage<\/p>\n","protected":false},"featured_media":7292,"template":"","meta":[],"product_brand":[],"product_cat":[26,145],"product_tag":[],"class_list":{"0":"post-7287","1":"product","2":"type-product","3":"status-publish","4":"has-post-thumbnail","6":"product_cat-librairie-documents-et-photos","7":"product_cat-nouveautes","9":"first","10":"instock","11":"purchasable","12":"product-type-simple"},"_links":{"self":[{"href":"https:\/\/france-empires.com\/index.php\/wp-json\/wp\/v2\/product\/7287","targetHints":{"allow":["GET"]}}],"collection":[{"href":"https:\/\/france-empires.com\/index.php\/wp-json\/wp\/v2\/product"}],"about":[{"href":"https:\/\/france-empires.com\/index.php\/wp-json\/wp\/v2\/types\/product"}],"wp:featuredmedia":[{"embeddable":true,"href":"https:\/\/france-empires.com\/index.php\/wp-json\/wp\/v2\/media\/7292"}],"wp:attachment":[{"href":"https:\/\/france-empires.com\/index.php\/wp-json\/wp\/v2\/media?parent=7287"}],"wp:term":[{"taxonomy":"product_brand","embeddable":true,"href":"https:\/\/france-empires.com\/index.php\/wp-json\/wp\/v2\/product_brand?post=7287"},{"taxonomy":"product_cat","embeddable":true,"href":"https:\/\/france-empires.com\/index.php\/wp-json\/wp\/v2\/product_cat?post=7287"},{"taxonomy":"product_tag","embeddable":true,"href":"https:\/\/france-empires.com\/index.php\/wp-json\/wp\/v2\/product_tag?post=7287"}],"curies":[{"name":"wp","href":"https:\/\/api.w.org\/{rel}","templated":true}]}}