{"id":7293,"date":"2026-04-03T20:38:12","date_gmt":"2026-04-03T18:38:12","guid":{"rendered":"https:\/\/france-empires.com\/?post_type=product&#038;p=7293"},"modified":"2026-04-03T20:38:12","modified_gmt":"2026-04-03T18:38:12","slug":"giberne-milieu-19eme","status":"publish","type":"product","link":"https:\/\/france-empires.com\/index.php\/produit\/giberne-milieu-19eme\/","title":{"rendered":"Giberne milieu 19\u00e9me"},"content":{"rendered":"<p>Giberne genre 1845, probablement pour la Garde Nationale.<br \/>\nEn fort cuir noir; la passant arri\u00e8re pour le port au ceinturon en buffle blanc surpiqu\u00e9<br \/>\npatelette avec une grenade m\u00e9tal blanc<\/p>\n<p>Bel \u00e9tat, patte de fermeture abim\u00e9e<\/p>\n","protected":false},"excerpt":{"rendered":"<p>Giberne genre 1845, probablement pour la Garde Nationale. En fort cuir noir; la passant arri\u00e8re pour le port au ceinturon en buffle blanc surpiqu\u00e9 patelette avec une grenade m\u00e9tal blanc Bel \u00e9tat, patte de fermeture abim\u00e9e<\/p>\n","protected":false},"featured_media":7296,"template":"","meta":[],"product_brand":[],"product_cat":[25,51,145],"product_tag":[],"class_list":{"0":"post-7293","1":"product","2":"type-product","3":"status-publish","4":"has-post-thumbnail","6":"product_cat-equipements","7":"product_cat-equipements-du-soldat-pour-le-combat-ceinturons-cartouchieres-sac-a-dos-etc","8":"product_cat-nouveautes","10":"first","11":"instock","12":"purchasable","13":"product-type-simple"},"_links":{"self":[{"href":"https:\/\/france-empires.com\/index.php\/wp-json\/wp\/v2\/product\/7293","targetHints":{"allow":["GET"]}}],"collection":[{"href":"https:\/\/france-empires.com\/index.php\/wp-json\/wp\/v2\/product"}],"about":[{"href":"https:\/\/france-empires.com\/index.php\/wp-json\/wp\/v2\/types\/product"}],"wp:featuredmedia":[{"embeddable":true,"href":"https:\/\/france-empires.com\/index.php\/wp-json\/wp\/v2\/media\/7296"}],"wp:attachment":[{"href":"https:\/\/france-empires.com\/index.php\/wp-json\/wp\/v2\/media?parent=7293"}],"wp:term":[{"taxonomy":"product_brand","embeddable":true,"href":"https:\/\/france-empires.com\/index.php\/wp-json\/wp\/v2\/product_brand?post=7293"},{"taxonomy":"product_cat","embeddable":true,"href":"https:\/\/france-empires.com\/index.php\/wp-json\/wp\/v2\/product_cat?post=7293"},{"taxonomy":"product_tag","embeddable":true,"href":"https:\/\/france-empires.com\/index.php\/wp-json\/wp\/v2\/product_tag?post=7293"}],"curies":[{"name":"wp","href":"https:\/\/api.w.org\/{rel}","templated":true}]}}