{"id":7298,"date":"2026-04-03T20:46:56","date_gmt":"2026-04-03T18:46:56","guid":{"rendered":"https:\/\/france-empires.com\/?post_type=product&#038;p=7298"},"modified":"2026-04-03T20:46:56","modified_gmt":"2026-04-03T18:46:56","slug":"trois-miniatures-dofficiers-ancien-regime","status":"publish","type":"product","link":"https:\/\/france-empires.com\/index.php\/produit\/trois-miniatures-dofficiers-ancien-regime\/","title":{"rendered":"Trois miniatures d&rsquo;officiers Ancien R\u00e9gime"},"content":{"rendered":"<p>Cadre en bois dor\u00e9 rond avec trois miniatures d&rsquo;officiers, fin 18\u00e8me<br \/>\nIl semble s&rsquo;agir de Gardes du Corps du Roi. Voir le mannequin de l&rsquo;Emperi <\/p>\n","protected":false},"excerpt":{"rendered":"<p>Cadre en bois dor\u00e9 rond avec trois miniatures d&rsquo;officiers, fin 18\u00e8me Il semble s&rsquo;agir de Gardes du Corps du Roi. Voir le mannequin de l&rsquo;Emperi<\/p>\n","protected":false},"featured_media":7301,"template":"","meta":[],"product_brand":[],"product_cat":[28,26,145],"product_tag":[],"class_list":{"0":"post-7298","1":"product","2":"type-product","3":"status-publish","4":"has-post-thumbnail","6":"product_cat-antiquites-et-autres-collections","7":"product_cat-librairie-documents-et-photos","8":"product_cat-nouveautes","10":"first","11":"instock","12":"purchasable","13":"product-type-simple"},"_links":{"self":[{"href":"https:\/\/france-empires.com\/index.php\/wp-json\/wp\/v2\/product\/7298","targetHints":{"allow":["GET"]}}],"collection":[{"href":"https:\/\/france-empires.com\/index.php\/wp-json\/wp\/v2\/product"}],"about":[{"href":"https:\/\/france-empires.com\/index.php\/wp-json\/wp\/v2\/types\/product"}],"wp:featuredmedia":[{"embeddable":true,"href":"https:\/\/france-empires.com\/index.php\/wp-json\/wp\/v2\/media\/7301"}],"wp:attachment":[{"href":"https:\/\/france-empires.com\/index.php\/wp-json\/wp\/v2\/media?parent=7298"}],"wp:term":[{"taxonomy":"product_brand","embeddable":true,"href":"https:\/\/france-empires.com\/index.php\/wp-json\/wp\/v2\/product_brand?post=7298"},{"taxonomy":"product_cat","embeddable":true,"href":"https:\/\/france-empires.com\/index.php\/wp-json\/wp\/v2\/product_cat?post=7298"},{"taxonomy":"product_tag","embeddable":true,"href":"https:\/\/france-empires.com\/index.php\/wp-json\/wp\/v2\/product_tag?post=7298"}],"curies":[{"name":"wp","href":"https:\/\/api.w.org\/{rel}","templated":true}]}}